{"id":527,"date":"2018-06-18T08:27:33","date_gmt":"2018-06-18T08:27:33","guid":{"rendered":"http:\/\/jujol140.cat\/premsa\/"},"modified":"2019-01-09T13:23:16","modified_gmt":"2019-01-09T13:23:16","slug":"prensa","status":"publish","type":"page","link":"https:\/\/jujol140.cat\/es\/prensa\/","title":{"rendered":"Prensa"},"content":{"rendered":"<p>[et_pb_section bb_built=\u00bb1&#8243; specialty=\u00bboff\u00bb next_background_color=\u00bb#003486&#8243; _builder_version=\u00bb3.6&#8243; background_image=\u00bbhttp:\/\/jujol140.cat\/wp-content\/uploads\/2018\/06\/cannegre-2.png\u00bb gutter_width=\u00bb2&#8243; bottom_divider_style=\u00bbwave2&#8243; custom_padding=\u00bb||100px|\u00bb background_position=\u00bbbottom_center\u00bb][et_pb_row][et_pb_column type=\u00bb4_4&#8243;][et_pb_text _builder_version=\u00bb3.19.4&#8243; header_font=\u00bbCinzel||||||||\u00bb header_font_size=\u00bb50&#8243; header_font_size_phone=\u00bb30&#8243; header_font_size_last_edited=\u00bbon|phone\u00bb]<\/p>\n<h1 class=\"et_pb_module_header\">Prensa<strong><br \/><\/strong><\/h1>\n<p>[\/et_pb_text][et_pb_text _builder_version=\u00bb3.7&#8243; text_orientation=\u00bbjustified\u00bb text_text_color=\u00bb#000000&#8243; text_font_size=\u00bb16&#8243; disabled=\u00bbon\u00bb disabled_on=\u00bbon|on|on\u00bb]<\/p>\n<p>\nL\u2019Any Jujol140 ha sumat la complicitat de municipis amb obra de Jujol, institucions, entitats, organismes i personalitats del m\u00f3n de l\u2019arquitectura i de la cultura.<\/p>\n<p>[\/et_pb_text][\/et_pb_column][\/et_pb_row][\/et_pb_section][et_pb_section bb_built=\u00bb1&#8243; admin_label=\u00bbFeatures\u00bb module_id=\u00bbcreu\u00bb _builder_version=\u00bb3.6&#8243; background_color=\u00bb#003486&#8243; use_background_color_gradient=\u00bbon\u00bb background_color_gradient_start=\u00bb#003486&#8243; background_color_gradient_end=\u00bbrgba(255,255,255,0.07)\u00bb background_size=\u00bbinitial\u00bb background_position=\u00bbbottom_left\u00bb background_repeat=\u00bbrepeat-x\u00bb background_blend=\u00bboverlay\u00bb top_divider_height=\u00bb150px\u00bb top_divider_flip=\u00bbhorizontal\u00bb locked=\u00bboff\u00bb prev_background_color=\u00bb#ffffff\u00bb gutter_width=\u00bb2&#8243; next_background_color=\u00bb#ffffff\u00bb][et_pb_row custom_padding=\u00bb|||\u00bb custom_margin=\u00bb|||\u00bb custom_padding_last_edited=\u00bboff|desktop\u00bb _builder_version=\u00bb3.5.1&#8243; animation_style=\u00bbfade\u00bb][et_pb_column type=\u00bb1_2&#8243;][et_pb_text admin_label=\u00bb CONTACTE\u00bb _builder_version=\u00bb3.19.4&#8243; text_font=\u00bbLora||||||||\u00bb text_font_size=\u00bb18&#8243; text_line_height=\u00bb1.8em\u00bb background_layout=\u00bbdark\u00bb module_alignment=\u00bbcenter\u00bb custom_margin=\u00bb|||\u00bb animation_style=\u00bbslide\u00bb animation_direction=\u00bbtop\u00bb animation_intensity_slide=\u00bb5%\u00bb animation_starting_opacity=\u00bb100%\u00bb header_2_font_size=\u00bb30&#8243;]<\/p>\n<h2>Contacto<\/h2>\n<div class=\"gmail_default\">\u200b<em>Departamento de Prensa y Comunicaci\u00f3n del Ayuntamiento de Sant Joan Desp\u00ed<\/em><br \/><strong>Casa Rovira<\/strong><br \/>C. Jacint Verdaguer, 27<br \/>08970 &#8211; Sant Joan Desp\u00ed<br \/>Tel. 93 480 60 07<\/div>\n<p>\u00a0<\/p>\n<p>[\/et_pb_text][\/et_pb_column][et_pb_column type=\u00bb1_2&#8243;][et_pb_contact_form _builder_version=\u00bb3.19.4&#8243; email=\u00bb premsa@sjdespi.net\u00bb][et_pb_contact_field field_title=\u00bbNombre\u00bb field_type=\u00bbinput\u00bb field_id=\u00bbNom\u00bb required_mark=\u00bbon\u00bb fullwidth_field=\u00bboff\u00bb _builder_version=\u00bb3.19.4&#8243; checkbox_checked=\u00bboff\u00bb checkbox_options=\u00bb%91{%22value%22:%22Nombre%22,%22checked%22:0}%93&#8243; radio_options=\u00bb%91{%22value%22:%22Nombre%22,%22checked%22:0}%93&#8243; select_options=\u00bb%91{%22value%22:%22Nombre%22,%22checked%22:0}%93&#8243; min_length=\u00bb0&#8243; max_length=\u00bb0&#8243; allowed_symbols=\u00bball\u00bb conditional_logic=\u00bboff\u00bb conditional_logic_relation=\u00bboff\u00bb conditional_logic_rules=\u00bb%91{%22field%22:%22email%22,%22condition%22:%22is%22,%22value%22:%22%22}%93&#8243; use_background_color_gradient=\u00bboff\u00bb background_color_gradient_start=\u00bb#2b87da\u00bb background_color_gradient_end=\u00bb#29c4a9&#8243; background_color_gradient_type=\u00bblinear\u00bb background_color_gradient_direction=\u00bb180deg\u00bb background_color_gradient_direction_radial=\u00bbcenter\u00bb background_color_gradient_start_position=\u00bb0%\u00bb background_color_gradient_end_position=\u00bb100%\u00bb background_color_gradient_overlays_image=\u00bboff\u00bb parallax=\u00bboff\u00bb parallax_method=\u00bbon\u00bb background_size=\u00bbcover\u00bb background_position=\u00bbcenter\u00bb background_repeat=\u00bbno-repeat\u00bb background_blend=\u00bbnormal\u00bb allow_player_pause=\u00bboff\u00bb background_video_pause_outside_viewport=\u00bbon\u00bb form_field_text_shadow_style=\u00bbnone\u00bb box_shadow_style=\u00bbnone\u00bb link_option_url_new_window=\u00bboff\u00bb form_field_text_shadow_horizontal_length=\u00bb0em\u00bb form_field_text_shadow_vertical_length=\u00bb0em\u00bb form_field_text_shadow_blur_strength=\u00bb0em\u00bb hover_transition_duration=\u00bb300ms\u00bb hover_transition_delay=\u00bb0ms\u00bb hover_transition_speed_curve=\u00bbease\u00bb \/][et_pb_contact_field field_title=\u00bbAdre\u00e7a de correu electr\u00f2nic\u00bb field_type=\u00bbemail\u00bb field_id=\u00bbEmail\u00bb required_mark=\u00bbon\u00bb fullwidth_field=\u00bboff\u00bb _builder_version=\u00bb3.19.4&#8243; checkbox_checked=\u00bboff\u00bb checkbox_options=\u00bb%91{%22value%22:%22Direcci\u00f3n de correo electr\u00f3nico%22,%22checked%22:0}%93&#8243; radio_options=\u00bb%91{%22value%22:%22Direcci\u00f3n de correo electr\u00f3nico%22,%22checked%22:0}%93&#8243; select_options=\u00bb%91{%22value%22:%22Direcci\u00f3n de correo electr\u00f3nico%22,%22checked%22:0}%93&#8243; min_length=\u00bb0&#8243; max_length=\u00bb0&#8243; allowed_symbols=\u00bball\u00bb conditional_logic=\u00bboff\u00bb conditional_logic_relation=\u00bboff\u00bb conditional_logic_rules=\u00bb%91{%22field%22:%22nom%22,%22condition%22:%22is%22,%22value%22:%22%22}%93&#8243; use_background_color_gradient=\u00bboff\u00bb background_color_gradient_start=\u00bb#2b87da\u00bb background_color_gradient_end=\u00bb#29c4a9&#8243; background_color_gradient_type=\u00bblinear\u00bb background_color_gradient_direction=\u00bb180deg\u00bb background_color_gradient_direction_radial=\u00bbcenter\u00bb background_color_gradient_start_position=\u00bb0%\u00bb background_color_gradient_end_position=\u00bb100%\u00bb background_color_gradient_overlays_image=\u00bboff\u00bb parallax=\u00bboff\u00bb parallax_method=\u00bbon\u00bb background_size=\u00bbcover\u00bb background_position=\u00bbcenter\u00bb background_repeat=\u00bbno-repeat\u00bb background_blend=\u00bbnormal\u00bb allow_player_pause=\u00bboff\u00bb background_video_pause_outside_viewport=\u00bbon\u00bb form_field_text_shadow_style=\u00bbnone\u00bb box_shadow_style=\u00bbnone\u00bb \/][et_pb_contact_field field_title=\u00bbMensaje\u00bb field_type=\u00bbtext\u00bb field_id=\u00bbmissatge\u00bb required_mark=\u00bbon\u00bb fullwidth_field=\u00bbon\u00bb _builder_version=\u00bb3.19.4&#8243; checkbox_checked=\u00bboff\u00bb checkbox_options=\u00bb%91{%22value%22:%22Mensaje%22,%22checked%22:0}%93&#8243; radio_options=\u00bb%91{%22value%22:%22Mensaje%22,%22checked%22:0}%93&#8243; select_options=\u00bb%91{%22value%22:%22Mensaje%22,%22checked%22:0}%93&#8243; min_length=\u00bb0&#8243; max_length=\u00bb0&#8243; allowed_symbols=\u00bball\u00bb conditional_logic=\u00bboff\u00bb conditional_logic_relation=\u00bboff\u00bb conditional_logic_rules=\u00bb%91{%22field%22:%22nom%22,%22condition%22:%22is%22,%22value%22:%22%22}%93&#8243; use_background_color_gradient=\u00bboff\u00bb background_color_gradient_start=\u00bb#2b87da\u00bb background_color_gradient_end=\u00bb#29c4a9&#8243; background_color_gradient_type=\u00bblinear\u00bb background_color_gradient_direction=\u00bb180deg\u00bb background_color_gradient_direction_radial=\u00bbcenter\u00bb background_color_gradient_start_position=\u00bb0%\u00bb background_color_gradient_end_position=\u00bb100%\u00bb background_color_gradient_overlays_image=\u00bboff\u00bb parallax=\u00bboff\u00bb parallax_method=\u00bbon\u00bb background_size=\u00bbcover\u00bb background_position=\u00bbcenter\u00bb background_repeat=\u00bbno-repeat\u00bb background_blend=\u00bbnormal\u00bb allow_player_pause=\u00bboff\u00bb background_video_pause_outside_viewport=\u00bbon\u00bb form_field_text_shadow_style=\u00bbnone\u00bb box_shadow_style=\u00bbnone\u00bb link_option_url_new_window=\u00bboff\u00bb form_field_text_shadow_horizontal_length=\u00bb0em\u00bb form_field_text_shadow_vertical_length=\u00bb0em\u00bb form_field_text_shadow_blur_strength=\u00bb0em\u00bb hover_transition_duration=\u00bb300ms\u00bb hover_transition_delay=\u00bb0ms\u00bb hover_transition_speed_curve=\u00bbease\u00bb \/][\/et_pb_contact_form][\/et_pb_column][\/et_pb_row][\/et_pb_section][et_pb_section bb_built=\u00bb1&#8243; admin_label=\u00bbFeatures\u00bb module_id=\u00bbcreu\u00bb _builder_version=\u00bb3.7&#8243; background_color=\u00bb#ffffff\u00bb use_background_color_gradient=\u00bbon\u00bb background_color_gradient_start=\u00bb#ffffff\u00bb background_color_gradient_end=\u00bbrgba(255,255,255,0.07)\u00bb background_size=\u00bbinitial\u00bb background_position=\u00bbbottom_left\u00bb background_repeat=\u00bbrepeat-x\u00bb background_blend=\u00bboverlay\u00bb top_divider_height=\u00bb150px\u00bb top_divider_flip=\u00bbhorizontal\u00bb prev_background_color=\u00bb#003486&#8243; gutter_width=\u00bb2&#8243; disabled=\u00bboff\u00bb disabled_on=\u00bboff|off|off\u00bb][et_pb_row][et_pb_column type=\u00bb1_2&#8243;][et_pb_button _builder_version=\u00bb3.19.4&#8243; button_text=\u00bbEl A\u00f1o Jujol140 en los medios\u00bb button_url=\u00bb\/?page_id=941&#8243; button_alignment=\u00bbcenter\u00bb background_layout=\u00bbdark\u00bb custom_button=\u00bbon\u00bb button_bg_color=\u00bb#023687&#8243; button_text_size__hover_enabled=\u00bboff\u00bb button_text_size__hover=\u00bbnull\u00bb button_one_text_size__hover_enabled=\u00bboff\u00bb button_one_text_size__hover=\u00bbnull\u00bb button_two_text_size__hover_enabled=\u00bboff\u00bb button_two_text_size__hover=\u00bbnull\u00bb button_text_color__hover_enabled=\u00bboff\u00bb button_text_color__hover=\u00bbnull\u00bb button_one_text_color__hover_enabled=\u00bboff\u00bb button_one_text_color__hover=\u00bbnull\u00bb button_two_text_color__hover_enabled=\u00bboff\u00bb button_two_text_color__hover=\u00bbnull\u00bb button_border_width__hover_enabled=\u00bboff\u00bb button_border_width__hover=\u00bbnull\u00bb button_one_border_width__hover_enabled=\u00bboff\u00bb button_one_border_width__hover=\u00bbnull\u00bb button_two_border_width__hover_enabled=\u00bboff\u00bb button_two_border_width__hover=\u00bbnull\u00bb button_border_color__hover_enabled=\u00bboff\u00bb button_border_color__hover=\u00bbnull\u00bb button_one_border_color__hover_enabled=\u00bboff\u00bb button_one_border_color__hover=\u00bbnull\u00bb button_two_border_color__hover_enabled=\u00bboff\u00bb button_two_border_color__hover=\u00bbnull\u00bb button_border_radius__hover_enabled=\u00bboff\u00bb button_border_radius__hover=\u00bbnull\u00bb button_one_border_radius__hover_enabled=\u00bboff\u00bb button_one_border_radius__hover=\u00bbnull\u00bb button_two_border_radius__hover_enabled=\u00bboff\u00bb button_two_border_radius__hover=\u00bbnull\u00bb button_letter_spacing__hover_enabled=\u00bboff\u00bb button_letter_spacing__hover=\u00bbnull\u00bb button_one_letter_spacing__hover_enabled=\u00bboff\u00bb button_one_letter_spacing__hover=\u00bbnull\u00bb button_two_letter_spacing__hover_enabled=\u00bboff\u00bb button_two_letter_spacing__hover=\u00bbnull\u00bb button_bg_color__hover_enabled=\u00bboff\u00bb button_bg_color__hover=\u00bbnull\u00bb button_one_bg_color__hover_enabled=\u00bboff\u00bb button_one_bg_color__hover=\u00bbnull\u00bb button_two_bg_color__hover_enabled=\u00bboff\u00bb button_two_bg_color__hover=\u00bbnull\u00bb \/][\/et_pb_column][et_pb_column type=\u00bb1_2&#8243;][et_pb_button _builder_version=\u00bb3.19.4&#8243; button_text=\u00bbDossier de Prensa\u00bb button_url=\u00bbhttp:\/\/jujol140.cat\/wp-content\/uploads\/2018\/06\/Dossier-de-premsa-Any-Jujol140-copia.pdf\u00bb button_alignment=\u00bbcenter\u00bb background_layout=\u00bbdark\u00bb custom_button=\u00bbon\u00bb button_bg_color=\u00bb#023687&#8243; url_new_window=\u00bbon\u00bb button_text_size__hover_enabled=\u00bboff\u00bb button_text_size__hover=\u00bbnull\u00bb button_one_text_size__hover_enabled=\u00bboff\u00bb button_one_text_size__hover=\u00bbnull\u00bb button_two_text_size__hover_enabled=\u00bboff\u00bb button_two_text_size__hover=\u00bbnull\u00bb button_text_color__hover_enabled=\u00bboff\u00bb button_text_color__hover=\u00bbnull\u00bb button_one_text_color__hover_enabled=\u00bboff\u00bb button_one_text_color__hover=\u00bbnull\u00bb button_two_text_color__hover_enabled=\u00bboff\u00bb button_two_text_color__hover=\u00bbnull\u00bb button_border_width__hover_enabled=\u00bboff\u00bb button_border_width__hover=\u00bbnull\u00bb button_one_border_width__hover_enabled=\u00bboff\u00bb button_one_border_width__hover=\u00bbnull\u00bb button_two_border_width__hover_enabled=\u00bboff\u00bb button_two_border_width__hover=\u00bbnull\u00bb button_border_color__hover_enabled=\u00bboff\u00bb button_border_color__hover=\u00bbnull\u00bb button_one_border_color__hover_enabled=\u00bboff\u00bb button_one_border_color__hover=\u00bbnull\u00bb button_two_border_color__hover_enabled=\u00bboff\u00bb button_two_border_color__hover=\u00bbnull\u00bb button_border_radius__hover_enabled=\u00bboff\u00bb button_border_radius__hover=\u00bbnull\u00bb button_one_border_radius__hover_enabled=\u00bboff\u00bb button_one_border_radius__hover=\u00bbnull\u00bb button_two_border_radius__hover_enabled=\u00bboff\u00bb button_two_border_radius__hover=\u00bbnull\u00bb button_letter_spacing__hover_enabled=\u00bboff\u00bb button_letter_spacing__hover=\u00bbnull\u00bb button_one_letter_spacing__hover_enabled=\u00bboff\u00bb button_one_letter_spacing__hover=\u00bbnull\u00bb button_two_letter_spacing__hover_enabled=\u00bboff\u00bb button_two_letter_spacing__hover=\u00bbnull\u00bb button_bg_color__hover_enabled=\u00bboff\u00bb button_bg_color__hover=\u00bbnull\u00bb button_one_bg_color__hover_enabled=\u00bboff\u00bb button_one_bg_color__hover=\u00bbnull\u00bb button_two_bg_color__hover_enabled=\u00bboff\u00bb button_two_bg_color__hover=\u00bbnull\u00bb \/][\/et_pb_column][\/et_pb_row][\/et_pb_section]<\/p>\n","protected":false},"excerpt":{"rendered":"<p><div class=\"et_pb_row et_pb_row_0 et_pb_row_empty\">\n\t\t\t\t\n\t\t\t\t\n\t\t\t\t\n\t\t\t\t\n\t\t\t\t\n\t\t\t<\/div> Prensa L\u2019Any Jujol140 ha sumat la complicitat de municipis amb obra de Jujol, institucions, entitats, organismes i personalitats del m\u00f3n de l\u2019arquitectura i de la cultura. Contacto\u200bDepartamento de Prensa y Comunicaci\u00f3n del Ayuntamiento de Sant Joan Desp\u00edCasa RoviraC. Jacint Verdaguer, 2708970 &#8211; Sant Joan Desp\u00edTel. 93 480 60 07\u00a0 <div class=\"et_pb_row et_pb_row_1 et_pb_row_empty\">\n\t\t\t\t\n\t\t\t\t\n\t\t\t\t\n\t\t\t\t\n\t\t\t\t\n\t\t\t<\/div><\/p>\n","protected":false},"author":1,"featured_media":0,"parent":0,"menu_order":0,"comment_status":"closed","ping_status":"closed","template":"","meta":{"_et_pb_use_builder":"on","_et_pb_old_content":"","_et_gb_content_width":"","footnotes":""},"class_list":["post-527","page","type-page","status-publish","hentry"],"yoast_head":"<!-- This site is optimized with the Yoast SEO plugin v27.4 - https:\/\/yoast.com\/product\/yoast-seo-wordpress\/ -->\n<title>Prensa - Jujol 140<\/title>\n<meta name=\"robots\" content=\"index, follow, max-snippet:-1, max-image-preview:large, max-video-preview:-1\" \/>\n<link rel=\"canonical\" href=\"https:\/\/jujol140.cat\/es\/prensa\/\" \/>\n<meta property=\"og:locale\" content=\"es_ES\" \/>\n<meta property=\"og:type\" content=\"article\" \/>\n<meta property=\"og:title\" content=\"Prensa - Jujol 140\" \/>\n<meta property=\"og:description\" content=\"Prensa L\u2019Any Jujol140 ha sumat la complicitat de municipis amb obra de Jujol, institucions, entitats, organismes i personalitats del m\u00f3n de l\u2019arquitectura i de la cultura. Contacto\u200bDepartamento de Prensa y Comunicaci\u00f3n del Ayuntamiento de Sant Joan Desp\u00edCasa RoviraC. Jacint Verdaguer, 2708970 - Sant Joan Desp\u00edTel. 93 480 60 07\u00a0\" \/>\n<meta property=\"og:url\" content=\"https:\/\/jujol140.cat\/es\/prensa\/\" \/>\n<meta property=\"og:site_name\" content=\"Jujol 140\" \/>\n<meta property=\"article:modified_time\" content=\"2019-01-09T13:23:16+00:00\" \/>\n<meta name=\"twitter:card\" content=\"summary_large_image\" \/>\n<meta name=\"twitter:label1\" content=\"Tiempo de lectura\" \/>\n\t<meta name=\"twitter:data1\" content=\"8 minutos\" \/>\n<script type=\"application\/ld+json\" class=\"yoast-schema-graph\">{\"@context\":\"https:\\\/\\\/schema.org\",\"@graph\":[{\"@type\":\"WebPage\",\"@id\":\"https:\\\/\\\/jujol140.cat\\\/es\\\/prensa\\\/\",\"url\":\"https:\\\/\\\/jujol140.cat\\\/es\\\/prensa\\\/\",\"name\":\"Prensa - Jujol 140\",\"isPartOf\":{\"@id\":\"https:\\\/\\\/jujol140.cat\\\/#website\"},\"datePublished\":\"2018-06-18T08:27:33+00:00\",\"dateModified\":\"2019-01-09T13:23:16+00:00\",\"breadcrumb\":{\"@id\":\"https:\\\/\\\/jujol140.cat\\\/es\\\/prensa\\\/#breadcrumb\"},\"inLanguage\":\"es\",\"potentialAction\":[{\"@type\":\"ReadAction\",\"target\":[\"https:\\\/\\\/jujol140.cat\\\/es\\\/prensa\\\/\"]}]},{\"@type\":\"BreadcrumbList\",\"@id\":\"https:\\\/\\\/jujol140.cat\\\/es\\\/prensa\\\/#breadcrumb\",\"itemListElement\":[{\"@type\":\"ListItem\",\"position\":1,\"name\":\"Portada\",\"item\":\"https:\\\/\\\/jujol140.cat\\\/es\\\/\"},{\"@type\":\"ListItem\",\"position\":2,\"name\":\"Prensa\"}]},{\"@type\":\"WebSite\",\"@id\":\"https:\\\/\\\/jujol140.cat\\\/#website\",\"url\":\"https:\\\/\\\/jujol140.cat\\\/\",\"name\":\"Jujol 140\",\"description\":\"Moviment art\u00edstic, cultural i social per difondre la figura de Josep Maria Jujol\",\"potentialAction\":[{\"@type\":\"SearchAction\",\"target\":{\"@type\":\"EntryPoint\",\"urlTemplate\":\"https:\\\/\\\/jujol140.cat\\\/?s={search_term_string}\"},\"query-input\":{\"@type\":\"PropertyValueSpecification\",\"valueRequired\":true,\"valueName\":\"search_term_string\"}}],\"inLanguage\":\"es\"}]}<\/script>\n<!-- \/ Yoast SEO plugin. -->","yoast_head_json":{"title":"Prensa - Jujol 140","robots":{"index":"index","follow":"follow","max-snippet":"max-snippet:-1","max-image-preview":"max-image-preview:large","max-video-preview":"max-video-preview:-1"},"canonical":"https:\/\/jujol140.cat\/es\/prensa\/","og_locale":"es_ES","og_type":"article","og_title":"Prensa - Jujol 140","og_description":"Prensa L\u2019Any Jujol140 ha sumat la complicitat de municipis amb obra de Jujol, institucions, entitats, organismes i personalitats del m\u00f3n de l\u2019arquitectura i de la cultura. Contacto\u200bDepartamento de Prensa y Comunicaci\u00f3n del Ayuntamiento de Sant Joan Desp\u00edCasa RoviraC. Jacint Verdaguer, 2708970 - Sant Joan Desp\u00edTel. 93 480 60 07\u00a0","og_url":"https:\/\/jujol140.cat\/es\/prensa\/","og_site_name":"Jujol 140","article_modified_time":"2019-01-09T13:23:16+00:00","twitter_card":"summary_large_image","twitter_misc":{"Tiempo de lectura":"8 minutos"},"schema":{"@context":"https:\/\/schema.org","@graph":[{"@type":"WebPage","@id":"https:\/\/jujol140.cat\/es\/prensa\/","url":"https:\/\/jujol140.cat\/es\/prensa\/","name":"Prensa - Jujol 140","isPartOf":{"@id":"https:\/\/jujol140.cat\/#website"},"datePublished":"2018-06-18T08:27:33+00:00","dateModified":"2019-01-09T13:23:16+00:00","breadcrumb":{"@id":"https:\/\/jujol140.cat\/es\/prensa\/#breadcrumb"},"inLanguage":"es","potentialAction":[{"@type":"ReadAction","target":["https:\/\/jujol140.cat\/es\/prensa\/"]}]},{"@type":"BreadcrumbList","@id":"https:\/\/jujol140.cat\/es\/prensa\/#breadcrumb","itemListElement":[{"@type":"ListItem","position":1,"name":"Portada","item":"https:\/\/jujol140.cat\/es\/"},{"@type":"ListItem","position":2,"name":"Prensa"}]},{"@type":"WebSite","@id":"https:\/\/jujol140.cat\/#website","url":"https:\/\/jujol140.cat\/","name":"Jujol 140","description":"Moviment art\u00edstic, cultural i social per difondre la figura de Josep Maria Jujol","potentialAction":[{"@type":"SearchAction","target":{"@type":"EntryPoint","urlTemplate":"https:\/\/jujol140.cat\/?s={search_term_string}"},"query-input":{"@type":"PropertyValueSpecification","valueRequired":true,"valueName":"search_term_string"}}],"inLanguage":"es"}]}},"_links":{"self":[{"href":"https:\/\/jujol140.cat\/es\/wp-json\/wp\/v2\/pages\/527","targetHints":{"allow":["GET"]}}],"collection":[{"href":"https:\/\/jujol140.cat\/es\/wp-json\/wp\/v2\/pages"}],"about":[{"href":"https:\/\/jujol140.cat\/es\/wp-json\/wp\/v2\/types\/page"}],"author":[{"embeddable":true,"href":"https:\/\/jujol140.cat\/es\/wp-json\/wp\/v2\/users\/1"}],"replies":[{"embeddable":true,"href":"https:\/\/jujol140.cat\/es\/wp-json\/wp\/v2\/comments?post=527"}],"version-history":[{"count":5,"href":"https:\/\/jujol140.cat\/es\/wp-json\/wp\/v2\/pages\/527\/revisions"}],"predecessor-version":[{"id":1616,"href":"https:\/\/jujol140.cat\/es\/wp-json\/wp\/v2\/pages\/527\/revisions\/1616"}],"wp:attachment":[{"href":"https:\/\/jujol140.cat\/es\/wp-json\/wp\/v2\/media?parent=527"}],"curies":[{"name":"wp","href":"https:\/\/api.w.org\/{rel}","templated":true}]}}