{"id":523,"date":"2018-06-08T11:12:59","date_gmt":"2018-06-08T11:12:59","guid":{"rendered":"http:\/\/jujol140.cat\/biografia\/"},"modified":"2018-08-02T13:21:42","modified_gmt":"2018-08-02T13:21:42","slug":"biografia","status":"publish","type":"page","link":"https:\/\/jujol140.cat\/es\/biografia\/","title":{"rendered":"Biograf\u00eda"},"content":{"rendered":"<p>[et_pb_section bb_built=\u00bb1&#8243; specialty=\u00bboff\u00bb next_background_color=\u00bb#003486&#8243; _builder_version=\u00bb3.7&#8243; background_image=\u00bbhttp:\/\/jujol140.cat\/wp-content\/uploads\/2018\/06\/cannegre-2.png\u00bb gutter_width=\u00bb2&#8243; bottom_divider_style=\u00bbwave2&#8243; custom_padding=\u00bb||100px|\u00bb background_position=\u00bbbottom_center\u00bb disabled=\u00bboff\u00bb disabled_on=\u00bboff|off|off\u00bb][et_pb_row custom_padding=\u00bb|||\u00bb custom_margin=\u00bb|||\u00bb custom_padding_last_edited=\u00bboff|desktop\u00bb _builder_version=\u00bb3.5.1&#8243; animation_style=\u00bbfade\u00bb][et_pb_column type=\u00bb4_4&#8243;][et_pb_text _builder_version=\u00bb3.8&#8243; header_line_height=\u00bb0em\u00bb header_2_font=\u00bbQuattrocento||||||||\u00bb header_2_text_align=\u00bbcenter\u00bb header_2_font_size=\u00bb46px\u00bb header_2_line_height=\u00bb1.3em\u00bb max_width=\u00bb700px\u00bb module_alignment=\u00bbcenter\u00bb custom_margin=\u00bb|||\u00bb animation_style=\u00bbslide\u00bb animation_direction=\u00bbtop\u00bb animation_intensity_slide=\u00bb5%\u00bb animation_starting_opacity=\u00bb100%\u00bb]<\/p>\n<h2>Biograf\u00eda<\/h2>\n<p>[\/et_pb_text][et_pb_text _builder_version=\u00bb3.8&#8243; text_font=\u00bbQuattrocento||||||||\u00bb text_font_size=\u00bb20&#8243; text_line_height=\u00bb1.8em\u00bb text_orientation=\u00bbcenter\u00bb module_alignment=\u00bbcenter\u00bb custom_margin=\u00bb|||\u00bb animation_style=\u00bbslide\u00bb animation_direction=\u00bbtop\u00bb animation_intensity_slide=\u00bb5%\u00bb animation_starting_opacity=\u00bb100%\u00bb]<\/p>\n<p><strong>Josep Maria Jujol<\/strong> naci\u00f3 en Tarragona el 16 de septiembre de 1879. En 1888 se traslad\u00f3 a vivir a Barcelona con su familia y en 1897 inici\u00f3 los estudios en la Escuela de Arquitectura, que concluy\u00f3 en 1906. Con 22 a\u00f1os entr\u00f3 a trabajar en el taller del arquitecto Antoni Maria Galliss\u00e0 y posteriormente tambi\u00e9n colabor\u00f3 con los arquitectos Josep Font i Gum\u00e0 y Antoni Gaud\u00ed. Fue catedr\u00e1tico de la Escuela de Arquitectura de Barcelona y arquitecto municipal de Sant Joan Desp\u00ed desde 1926. Muri\u00f3 en Barcelona el 1 de mayo de 1949.<\/p>\n<p>[\/et_pb_text][et_pb_divider color=\u00bb#ffffff\u00bb divider_weight=\u00bb4px\u00bb height=\u00bb4px\u00bb _builder_version=\u00bb3.5.1&#8243; max_width=\u00bb60px\u00bb max_width_tablet=\u00bb14%\u00bb max_width_last_edited=\u00bboff|desktop\u00bb module_alignment=\u00bbcenter\u00bb animation_style=\u00bbslide\u00bb animation_direction=\u00bbtop\u00bb animation_intensity_slide=\u00bb5%\u00bb animation_starting_opacity=\u00bb100%\u00bb \/][et_pb_text _builder_version=\u00bb3.8&#8243; text_font=\u00bbLora||||||||\u00bb header_2_font=\u00bbQuattrocento||||||||\u00bb header_2_font_size=\u00bb30&#8243; header_2_font_size_phone=\u00bb25&#8243; header_2_font_size_last_edited=\u00bbon|desktop\u00bb text_orientation=\u00bbcenter\u00bb]<\/p>\n<p><strong>La obra de Josep Maria Jujol se caracteriza por su pluralidad de registros<\/strong>. Construy\u00f3 todo tipo de tipolog\u00edas arquitect\u00f3nicas y trabaj\u00f3 en numerosas localidades catalanas. Est\u00e1 considerado un artista total ya que proyecta y detalla los remates, hace de escultor, de dibujante y de acuarelista. As\u00ed, adem\u00e1s de arquitecto, fue tambi\u00e9n decorador, dise\u00f1ador de muebles, de botellas, de pavimentos cer\u00e1micos, de im\u00e1genes religiosas, de l\u00e1pidas sepulcrales, de estandartes, pintor y esgrafiador.<\/p>\n<p><strong>El trabajo arquitect\u00f3nico de Jujol se caracteriza por la simplicidad de sus medios contrastados con su originalidad<\/strong>. Fue un arquitecto estrechamente vinculado a las formas de la naturaleza y el paisaje del territorio donde efectuaba sus obras. La calidad de sus trabajos ocurre fuera de todo convencionalismo.<\/p>\n<p><strong>Jujol realiz\u00f3 numerosas obras en solitario<\/strong> (Can Negre, la Torre de la Cruz, el Teatro Metropol, la Casa Bofarull, la Casa Camprub\u00ed&#8230;) y, al mismo tiempo, su influencia est\u00e1 muy presente en sus colaboraciones con arquitectos de la \u00e9poca, en edificios de Gaud\u00ed como la Pedrera, el Park G\u00fcell, la Casa Batll\u00f3, la Sagrada Familia o la Colonia G\u00fcell.<\/p>\n<p>&nbsp;<\/p>\n<p>&nbsp;<\/p>\n<p>[\/et_pb_text][\/et_pb_column][\/et_pb_row][\/et_pb_section][et_pb_section bb_built=\u00bb1&#8243; admin_label=\u00bbFeatures\u00bb module_id=\u00bbartista-total\u00bb _builder_version=\u00bb3.7&#8243; background_color=\u00bb#003486&#8243; use_background_color_gradient=\u00bbon\u00bb background_color_gradient_start=\u00bb#003486&#8243; background_color_gradient_end=\u00bbrgba(255,255,255,0.07)\u00bb background_size=\u00bbinitial\u00bb background_position=\u00bbbottom_left\u00bb background_repeat=\u00bbrepeat-x\u00bb background_blend=\u00bboverlay\u00bb top_divider_height=\u00bb150px\u00bb top_divider_flip=\u00bbhorizontal\u00bb locked=\u00bboff\u00bb prev_background_color=\u00bb#ffffff\u00bb gutter_width=\u00bb2&#8243; disabled=\u00bbon\u00bb disabled_on=\u00bbon|on|on\u00bb][et_pb_row _builder_version=\u00bb3.0.47&#8243; background_size=\u00bbinitial\u00bb background_position=\u00bbtop_left\u00bb background_repeat=\u00bbrepeat\u00bb][et_pb_column type=\u00bb4_4&#8243;][\/et_pb_column][\/et_pb_row][\/et_pb_section]<\/p>\n","protected":false},"excerpt":{"rendered":"<p>Biograf\u00eda Josep Maria Jujol naci\u00f3 en Tarragona el 16 de septiembre de 1879. En 1888 se traslad\u00f3 a vivir a Barcelona con su familia y en 1897 inici\u00f3 los estudios en la Escuela de Arquitectura, que concluy\u00f3 en 1906. Con 22 a\u00f1os entr\u00f3 a trabajar en el taller del arquitecto Antoni Maria Galliss\u00e0 y posteriormente [&hellip;]<\/p>\n","protected":false},"author":1,"featured_media":0,"parent":0,"menu_order":0,"comment_status":"closed","ping_status":"closed","template":"","meta":{"_et_pb_use_builder":"on","_et_pb_old_content":"","_et_gb_content_width":"","footnotes":""},"class_list":["post-523","page","type-page","status-publish","hentry"],"yoast_head":"<!-- This site is optimized with the Yoast SEO plugin v27.2 - https:\/\/yoast.com\/product\/yoast-seo-wordpress\/ -->\n<title>Biograf\u00eda - Jujol 140<\/title>\n<meta name=\"robots\" content=\"index, follow, max-snippet:-1, max-image-preview:large, max-video-preview:-1\" \/>\n<link rel=\"canonical\" href=\"https:\/\/jujol140.cat\/es\/biografia\/\" \/>\n<meta property=\"og:locale\" content=\"es_ES\" \/>\n<meta property=\"og:type\" content=\"article\" \/>\n<meta property=\"og:title\" content=\"Biograf\u00eda - Jujol 140\" \/>\n<meta property=\"og:description\" content=\"Biograf\u00eda Josep Maria Jujol naci\u00f3 en Tarragona el 16 de septiembre de 1879. En 1888 se traslad\u00f3 a vivir a Barcelona con su familia y en 1897 inici\u00f3 los estudios en la Escuela de Arquitectura, que concluy\u00f3 en 1906. Con 22 a\u00f1os entr\u00f3 a trabajar en el taller del arquitecto Antoni Maria Galliss\u00e0 y posteriormente [&hellip;]\" \/>\n<meta property=\"og:url\" content=\"https:\/\/jujol140.cat\/es\/biografia\/\" \/>\n<meta property=\"og:site_name\" content=\"Jujol 140\" \/>\n<meta property=\"article:modified_time\" content=\"2018-08-02T13:21:42+00:00\" \/>\n<meta name=\"twitter:card\" content=\"summary_large_image\" \/>\n<meta name=\"twitter:label1\" content=\"Tiempo de lectura\" \/>\n\t<meta name=\"twitter:data1\" content=\"3 minutos\" \/>\n<script type=\"application\/ld+json\" class=\"yoast-schema-graph\">{\"@context\":\"https:\/\/schema.org\",\"@graph\":[{\"@type\":\"WebPage\",\"@id\":\"https:\/\/jujol140.cat\/es\/biografia\/\",\"url\":\"https:\/\/jujol140.cat\/es\/biografia\/\",\"name\":\"Biograf\u00eda - Jujol 140\",\"isPartOf\":{\"@id\":\"https:\/\/jujol140.cat\/#website\"},\"datePublished\":\"2018-06-08T11:12:59+00:00\",\"dateModified\":\"2018-08-02T13:21:42+00:00\",\"breadcrumb\":{\"@id\":\"https:\/\/jujol140.cat\/es\/biografia\/#breadcrumb\"},\"inLanguage\":\"es\",\"potentialAction\":[{\"@type\":\"ReadAction\",\"target\":[\"https:\/\/jujol140.cat\/es\/biografia\/\"]}]},{\"@type\":\"BreadcrumbList\",\"@id\":\"https:\/\/jujol140.cat\/es\/biografia\/#breadcrumb\",\"itemListElement\":[{\"@type\":\"ListItem\",\"position\":1,\"name\":\"Portada\",\"item\":\"https:\/\/jujol140.cat\/es\/\"},{\"@type\":\"ListItem\",\"position\":2,\"name\":\"Biograf\u00eda\"}]},{\"@type\":\"WebSite\",\"@id\":\"https:\/\/jujol140.cat\/#website\",\"url\":\"https:\/\/jujol140.cat\/\",\"name\":\"Jujol 140\",\"description\":\"Moviment art\u00edstic, cultural i social per difondre la figura de Josep Maria Jujol\",\"potentialAction\":[{\"@type\":\"SearchAction\",\"target\":{\"@type\":\"EntryPoint\",\"urlTemplate\":\"https:\/\/jujol140.cat\/?s={search_term_string}\"},\"query-input\":{\"@type\":\"PropertyValueSpecification\",\"valueRequired\":true,\"valueName\":\"search_term_string\"}}],\"inLanguage\":\"es\"}]}<\/script>\n<!-- \/ Yoast SEO plugin. -->","yoast_head_json":{"title":"Biograf\u00eda - Jujol 140","robots":{"index":"index","follow":"follow","max-snippet":"max-snippet:-1","max-image-preview":"max-image-preview:large","max-video-preview":"max-video-preview:-1"},"canonical":"https:\/\/jujol140.cat\/es\/biografia\/","og_locale":"es_ES","og_type":"article","og_title":"Biograf\u00eda - Jujol 140","og_description":"Biograf\u00eda Josep Maria Jujol naci\u00f3 en Tarragona el 16 de septiembre de 1879. En 1888 se traslad\u00f3 a vivir a Barcelona con su familia y en 1897 inici\u00f3 los estudios en la Escuela de Arquitectura, que concluy\u00f3 en 1906. Con 22 a\u00f1os entr\u00f3 a trabajar en el taller del arquitecto Antoni Maria Galliss\u00e0 y posteriormente [&hellip;]","og_url":"https:\/\/jujol140.cat\/es\/biografia\/","og_site_name":"Jujol 140","article_modified_time":"2018-08-02T13:21:42+00:00","twitter_card":"summary_large_image","twitter_misc":{"Tiempo de lectura":"3 minutos"},"schema":{"@context":"https:\/\/schema.org","@graph":[{"@type":"WebPage","@id":"https:\/\/jujol140.cat\/es\/biografia\/","url":"https:\/\/jujol140.cat\/es\/biografia\/","name":"Biograf\u00eda - Jujol 140","isPartOf":{"@id":"https:\/\/jujol140.cat\/#website"},"datePublished":"2018-06-08T11:12:59+00:00","dateModified":"2018-08-02T13:21:42+00:00","breadcrumb":{"@id":"https:\/\/jujol140.cat\/es\/biografia\/#breadcrumb"},"inLanguage":"es","potentialAction":[{"@type":"ReadAction","target":["https:\/\/jujol140.cat\/es\/biografia\/"]}]},{"@type":"BreadcrumbList","@id":"https:\/\/jujol140.cat\/es\/biografia\/#breadcrumb","itemListElement":[{"@type":"ListItem","position":1,"name":"Portada","item":"https:\/\/jujol140.cat\/es\/"},{"@type":"ListItem","position":2,"name":"Biograf\u00eda"}]},{"@type":"WebSite","@id":"https:\/\/jujol140.cat\/#website","url":"https:\/\/jujol140.cat\/","name":"Jujol 140","description":"Moviment art\u00edstic, cultural i social per difondre la figura de Josep Maria Jujol","potentialAction":[{"@type":"SearchAction","target":{"@type":"EntryPoint","urlTemplate":"https:\/\/jujol140.cat\/?s={search_term_string}"},"query-input":{"@type":"PropertyValueSpecification","valueRequired":true,"valueName":"search_term_string"}}],"inLanguage":"es"}]}},"_links":{"self":[{"href":"https:\/\/jujol140.cat\/es\/wp-json\/wp\/v2\/pages\/523","targetHints":{"allow":["GET"]}}],"collection":[{"href":"https:\/\/jujol140.cat\/es\/wp-json\/wp\/v2\/pages"}],"about":[{"href":"https:\/\/jujol140.cat\/es\/wp-json\/wp\/v2\/types\/page"}],"author":[{"embeddable":true,"href":"https:\/\/jujol140.cat\/es\/wp-json\/wp\/v2\/users\/1"}],"replies":[{"embeddable":true,"href":"https:\/\/jujol140.cat\/es\/wp-json\/wp\/v2\/comments?post=523"}],"version-history":[{"count":3,"href":"https:\/\/jujol140.cat\/es\/wp-json\/wp\/v2\/pages\/523\/revisions"}],"predecessor-version":[{"id":1011,"href":"https:\/\/jujol140.cat\/es\/wp-json\/wp\/v2\/pages\/523\/revisions\/1011"}],"wp:attachment":[{"href":"https:\/\/jujol140.cat\/es\/wp-json\/wp\/v2\/media?parent=523"}],"curies":[{"name":"wp","href":"https:\/\/api.w.org\/{rel}","templated":true}]}}