{"id":520,"date":"2018-06-11T14:13:36","date_gmt":"2018-06-11T14:13:36","guid":{"rendered":"http:\/\/jujol140.cat\/jujol-a-catalunya\/"},"modified":"2018-06-26T09:41:50","modified_gmt":"2018-06-26T09:41:50","slug":"jujol-en-catalunya","status":"publish","type":"page","link":"https:\/\/jujol140.cat\/es\/jujol-en-catalunya\/","title":{"rendered":"Jujol en Catalunya"},"content":{"rendered":"<p>[et_pb_section bb_built=\u00bb1&#8243; specialty=\u00bboff\u00bb next_background_color=\u00bb#003486&#8243; _builder_version=\u00bb3.6&#8243; background_image=\u00bbhttp:\/\/jujol140.cat\/wp-content\/uploads\/2018\/06\/cannegre-2.png\u00bb gutter_width=\u00bb2&#8243; bottom_divider_style=\u00bbwave2&#8243; custom_padding=\u00bb||100px|\u00bb background_position=\u00bbbottom_center\u00bb][et_pb_row][et_pb_column type=\u00bb4_4&#8243;][et_pb_text _builder_version=\u00bb3.8&#8243; header_font=\u00bbCinzel||||||||\u00bb header_font_size=\u00bb50&#8243; header_font_size_phone=\u00bb30&#8243; header_font_size_last_edited=\u00bbon|phone\u00bb]<\/p>\n<h1 class=\"et_pb_module_header\">Jujol en <strong>Catalunya<\/strong><\/h1>\n<p>[\/et_pb_text][et_pb_text _builder_version=\u00bb3.8&#8243; text_orientation=\u00bbjustified\u00bb text_text_color=\u00bb#000000&#8243; text_font_size=\u00bb16&#8243;]<\/p>\n<p>Josep Maria Jujol trabaj\u00f3 en numerosas localidades catalanas. El primer edificio proyectado por Jujol en solitario fue una casa de vecinos en el barrio del Poble Sec (Barcelona). Un a\u00f1o despu\u00e9s inici\u00f3 su primer encargo en Tarragona, el Teatro del Patronato Obrero, actualmente Teatro Metropol. Jujol tuvo una producci\u00f3n intensa, con una amplia variedad de trabajos, entre los que destacan los siguientes:<\/p>\n<p>[\/et_pb_text][\/et_pb_column][\/et_pb_row][\/et_pb_section][et_pb_section bb_built=\u00bb1&#8243; admin_label=\u00bbFeatures\u00bb module_id=\u00bbcreu\u00bb _builder_version=\u00bb3.6&#8243; background_color=\u00bb#003486&#8243; use_background_color_gradient=\u00bbon\u00bb background_color_gradient_start=\u00bb#003486&#8243; background_color_gradient_end=\u00bbrgba(255,255,255,0.07)\u00bb background_size=\u00bbinitial\u00bb background_position=\u00bbbottom_left\u00bb background_repeat=\u00bbrepeat-x\u00bb background_blend=\u00bboverlay\u00bb top_divider_height=\u00bb150px\u00bb top_divider_flip=\u00bbhorizontal\u00bb locked=\u00bboff\u00bb prev_background_color=\u00bb#ffffff\u00bb gutter_width=\u00bb2&#8243; next_background_color=\u00bb#ffffff\u00bb][et_pb_row custom_padding=\u00bb|||\u00bb custom_margin=\u00bb|||\u00bb custom_padding_last_edited=\u00bboff|desktop\u00bb _builder_version=\u00bb3.5.1&#8243; animation_style=\u00bbfade\u00bb][et_pb_column type=\u00bb1_2&#8243;][et_pb_text admin_label=\u00bbJujol a Catalunya\u00bb _builder_version=\u00bb3.8&#8243; text_font=\u00bbLora||||||||\u00bb text_font_size=\u00bb18&#8243; text_line_height=\u00bb1.8em\u00bb background_layout=\u00bbdark\u00bb module_alignment=\u00bbcenter\u00bb custom_margin=\u00bb|||\u00bb animation_style=\u00bbslide\u00bb animation_direction=\u00bbtop\u00bb animation_intensity_slide=\u00bb5%\u00bb animation_starting_opacity=\u00bb100%\u00bb header_2_font_size=\u00bb30&#8243;]<\/p>\n<p>1908 \u00a0\u00a0 Teatro Metropol (Tarragona)<\/p>\n<p>1909 \u00a0\u00a0 Torre Sansalvador (Barcelona)<\/p>\n<p>1911 \u00a0\u00a0 Botiga Ma\u00f1ach (Barcelona)<\/p>\n<p>1913 \u00a0\u00a0 Reformas en la iglesia de Constant\u00ed (Tarragon\u00e8s)<\/p>\n<p>1914 \u00a0\u00a0 Casa Ximenis (Tarragona)<\/p>\n<p>1914 \u00a0\u00a0 Reforma de la Casa Bofarull en los Pallaresos (Tarragon\u00e8s)<\/p>\n<p>1917 \u00a0\u00a0 Ampliaci\u00f3n Casa Xatruc en Canonja (Tarragon\u00e8s)<\/p>\n<p>1917 \u00a0\u00a0 Campanario de la iglesia de Creixell (Tarragon\u00e8s)<\/p>\n<p>1918 \u00a0\u00a0 Igelsia de Vistabella en Secuita (Tarragon\u00e8s)<\/p>\n<p>1919 \u00a0\u00a0 Cambril del Carme (Tarragona)<\/p>\n<p>1923 \u00a0\u00a0 Casa Planells (Barcelona)<\/p>\n<p>[\/et_pb_text][\/et_pb_column][et_pb_column type=\u00bb1_2&#8243;][et_pb_text admin_label=\u00bbJujol a Catalunya\u00bb _builder_version=\u00bb3.8&#8243; text_font=\u00bbLora||||||||\u00bb text_font_size=\u00bb18&#8243; text_line_height=\u00bb1.8em\u00bb background_layout=\u00bbdark\u00bb module_alignment=\u00bbcenter\u00bb custom_margin=\u00bb|||\u00bb animation_style=\u00bbslide\u00bb animation_direction=\u00bbtop\u00bb animation_intensity_slide=\u00bb5%\u00bb animation_starting_opacity=\u00bb100%\u00bb header_2_font_size=\u00bb30&#8243;]<\/p>\n<p>1925 \u00a0\u00a0 Trabajos de decoraci\u00f3n para la ermita del Roser en Vallmoll (Alt Camp)<\/p>\n<p>1926 \u00a0\u00a0 Santuario de Montserrat en Montferri (Alt Camp)<\/p>\n<p>1928 \u00a0\u00a0 Casa Camprub\u00ed en Cornell\u00e0 de Llobregat (Baix Llobregat)<\/p>\n<p>1935 \u00a0\u00a0 Trabajos para la iglesia de Roda de Ber\u00e0 (Tarragon\u00e8s)<\/p>\n<p>1935 \u00a0\u00a0 Trabajos de decoraci\u00f3n para el Mas Carreras en Roda de Ber\u00e0 (Tarragon\u00e8s)<\/p>\n<p>1941 \u00a0\u00a0 Trabajos en la iglesia de El Vendrell(Baix Pened\u00e8s)<\/p>\n<p>1941 \u00a0\u00a0 Trabajos en la iglesia de Vimbod\u00ed (Conca de Barber\u00e0)<\/p>\n<p>1945 \u00a0\u00a0 Reformas para la iglesia de Capellades<\/p>\n<p>1945 \u00a0\u00a0 Reformas para la iglesia de la Pobla de Claramunt<\/p>\n<p>[\/et_pb_text][\/et_pb_column][\/et_pb_row][\/et_pb_section][et_pb_section bb_built=\u00bb1&#8243; admin_label=\u00bbFeatures\u00bb module_id=\u00bbcreu\u00bb _builder_version=\u00bb3.7&#8243; background_color=\u00bb#ffffff\u00bb use_background_color_gradient=\u00bbon\u00bb background_color_gradient_start=\u00bb#ffffff\u00bb background_color_gradient_end=\u00bbrgba(255,255,255,0.07)\u00bb background_size=\u00bbinitial\u00bb background_position=\u00bbbottom_left\u00bb background_repeat=\u00bbrepeat-x\u00bb background_blend=\u00bboverlay\u00bb top_divider_height=\u00bb150px\u00bb top_divider_flip=\u00bbhorizontal\u00bb prev_background_color=\u00bb#003486&#8243; gutter_width=\u00bb2&#8243; disabled=\u00bbon\u00bb disabled_on=\u00bbon|on|on\u00bb][et_pb_row custom_padding=\u00bb|||\u00bb custom_margin=\u00bb|||\u00bb custom_padding_last_edited=\u00bboff|desktop\u00bb _builder_version=\u00bb3.5.1&#8243; animation_style=\u00bbfade\u00bb][et_pb_column type=\u00bb1_2&#8243;][et_pb_text admin_label=\u00bbAdhesions\u00bb _builder_version=\u00bb3.6&#8243; text_font=\u00bbLora||||||||\u00bb text_font_size=\u00bb18&#8243; text_line_height=\u00bb1.8em\u00bb module_alignment=\u00bbcenter\u00bb custom_margin=\u00bb|||\u00bb animation_style=\u00bbslide\u00bb animation_direction=\u00bbtop\u00bb animation_intensity_slide=\u00bb5%\u00bb animation_starting_opacity=\u00bb100%\u00bb header_2_font_size=\u00bb30&#8243; module_id=\u00bbnegre\u00bb header_2_font=\u00bbQuattrocento||||||||\u00bb]<\/p>\n<h2>Adhesions<\/h2>\n<p>L&#8217;Any Jujol140 ha sumat la complicitat de municipis amb obra de Jujol, institucions, entitats, organismes i personalitats del m\u00f3n de l&#8217;arquitectura i de la cultura.<\/p>\n<p>[\/et_pb_text][et_pb_text _builder_version=\u00bb3.6&#8243; header_4_font=\u00bbQuattrocento||||||||\u00bb]<\/p>\n<h4>Municipis adherits a l&#8217;Any Jujol140<\/h4>\n<ul>\n<li>Sant Joan Desp\u00ed<\/li>\n<li>Tarragona<\/li>\n<li>Constanti\u00ed<\/li>\n<li>Els Pallaresos<\/li>\n<li>La Secuita<\/li>\n<li>Creixell<\/li>\n<li>La Canonja<\/li>\n<li>Vallmoll<\/li>\n<li>Montferri<\/li>\n<li>Roda de Ber\u00e0<\/li>\n<li>El Vendrell<\/li>\n<li>Vimbod\u00ed<\/li>\n<li>Cornella\u00e0 de Llobregat<\/li>\n<li>La Pobla de Claramunt<\/li>\n<li>Capellades<\/li>\n<\/ul>\n<p>[\/et_pb_text][\/et_pb_column][et_pb_column type=\u00bb1_2&#8243;][et_pb_text admin_label=\u00bbInstitucions, organismes i empreses adherits a l&#8217;Any Jujol140&#8243; _builder_version=\u00bb3.6&#8243; text_font=\u00bbLora||||||||\u00bb text_line_height=\u00bb1.8em\u00bb module_alignment=\u00bbcenter\u00bb custom_margin=\u00bb|||\u00bb animation_style=\u00bbslide\u00bb animation_direction=\u00bbtop\u00bb animation_intensity_slide=\u00bb5%\u00bb animation_starting_opacity=\u00bb100%\u00bb header_2_font_size=\u00bb30&#8243; module_id=\u00bbnegre\u00bb header_3_font=\u00bbQuattrocento||||||||\u00bb header_4_font=\u00bbQuattrocento||||||||\u00bb]<\/p>\n<h3>Institucions, organismes i empreses adherits a l&#8217;Any Jujol140<\/h3>\n<ul>\n<li>Arxiu Jujol<\/li>\n<li>Casa Bofarull<\/li>\n<li>Can Camprub\u00ed<\/li>\n<li>Gremi de Pagesos de Sant Isidre i Sant Lloren\u00e7 de Tarragona<\/li>\n<li>Universitat Polite\u00e8cnica de Catalunya<\/li>\n<li>Fundaci\u00f3 Trencad\u00eds Modernisme i Cultura<\/li>\n<li>Club Gimn\u00e0stic de Tarragona<\/li>\n<li>Cava Vives Ambr\u00f3s<\/li>\n<\/ul>\n<h4>Personalitats del m\u00f3n de l&#8217;arquitectura i la cultura adherits a l&#8217;Any Jujol140<\/h4>\n<ul>\n<li>Toshiaki Tange, arquitecte, va ser president del Centre d\u2019Estudis Gaudinistes<\/li>\n<li>Elisenda Bonet, arquitecta i directora del 48h Open House BCN<\/li>\n<li>Luis Campo Vidal, escriptor i productor del documental Jujol-Gaudi\u00ed, dos genis de l\u2019arquitectura<\/li>\n<li>Josep Maria Buqueras, director de la Fundaci\u00f3 Trencadi\u0301s Modernisme i Cultura<\/li>\n<li>Josep Maria Jujol Jr, director de l\u2019Arxiu Jujol<\/li>\n<li>Guillem Carab\u00ed, arquitecte doctorat en Jujol<\/li>\n<\/ul>\n<p>&nbsp;<\/p>\n<p>&nbsp;<\/p>\n<p>&nbsp;<\/p>\n<p>[\/et_pb_text][\/et_pb_column][\/et_pb_row][\/et_pb_section]<\/p>\n","protected":false},"excerpt":{"rendered":"<p><div class=\"et_pb_row et_pb_row_0 et_pb_row_empty\">\n\t\t\t\t\n\t\t\t\t\n\t\t\t\t\n\t\t\t\t\n\t\t\t\t\n\t\t\t<\/div> Jujol en Catalunya Josep Maria Jujol trabaj\u00f3 en numerosas localidades catalanas. El primer edificio proyectado por Jujol en solitario fue una casa de vecinos en el barrio del Poble Sec (Barcelona). Un a\u00f1o despu\u00e9s inici\u00f3 su primer encargo en Tarragona, el Teatro del Patronato Obrero, actualmente Teatro Metropol. Jujol tuvo una producci\u00f3n intensa, con [&hellip;]<\/p>\n","protected":false},"author":1,"featured_media":0,"parent":0,"menu_order":0,"comment_status":"closed","ping_status":"closed","template":"","meta":{"_et_pb_use_builder":"on","_et_pb_old_content":"","_et_gb_content_width":"","footnotes":""},"class_list":["post-520","page","type-page","status-publish","hentry"],"yoast_head":"<!-- This site is optimized with the Yoast SEO plugin v27.4 - https:\/\/yoast.com\/product\/yoast-seo-wordpress\/ -->\n<title>Jujol en Catalunya - Jujol 140<\/title>\n<meta name=\"robots\" content=\"index, follow, max-snippet:-1, max-image-preview:large, max-video-preview:-1\" \/>\n<link rel=\"canonical\" href=\"https:\/\/jujol140.cat\/es\/jujol-en-catalunya\/\" \/>\n<meta property=\"og:locale\" content=\"es_ES\" \/>\n<meta property=\"og:type\" content=\"article\" \/>\n<meta property=\"og:title\" content=\"Jujol en Catalunya - Jujol 140\" \/>\n<meta property=\"og:description\" content=\"Jujol en Catalunya Josep Maria Jujol trabaj\u00f3 en numerosas localidades catalanas. El primer edificio proyectado por Jujol en solitario fue una casa de vecinos en el barrio del Poble Sec (Barcelona). Un a\u00f1o despu\u00e9s inici\u00f3 su primer encargo en Tarragona, el Teatro del Patronato Obrero, actualmente Teatro Metropol. Jujol tuvo una producci\u00f3n intensa, con [&hellip;]\" \/>\n<meta property=\"og:url\" content=\"https:\/\/jujol140.cat\/es\/jujol-en-catalunya\/\" \/>\n<meta property=\"og:site_name\" content=\"Jujol 140\" \/>\n<meta property=\"article:modified_time\" content=\"2018-06-26T09:41:50+00:00\" \/>\n<meta name=\"twitter:card\" content=\"summary_large_image\" \/>\n<meta name=\"twitter:label1\" content=\"Tiempo de lectura\" \/>\n\t<meta name=\"twitter:data1\" content=\"4 minutos\" \/>\n<script type=\"application\/ld+json\" class=\"yoast-schema-graph\">{\"@context\":\"https:\\\/\\\/schema.org\",\"@graph\":[{\"@type\":\"WebPage\",\"@id\":\"https:\\\/\\\/jujol140.cat\\\/es\\\/jujol-en-catalunya\\\/\",\"url\":\"https:\\\/\\\/jujol140.cat\\\/es\\\/jujol-en-catalunya\\\/\",\"name\":\"Jujol en Catalunya - Jujol 140\",\"isPartOf\":{\"@id\":\"https:\\\/\\\/jujol140.cat\\\/#website\"},\"datePublished\":\"2018-06-11T14:13:36+00:00\",\"dateModified\":\"2018-06-26T09:41:50+00:00\",\"breadcrumb\":{\"@id\":\"https:\\\/\\\/jujol140.cat\\\/es\\\/jujol-en-catalunya\\\/#breadcrumb\"},\"inLanguage\":\"es\",\"potentialAction\":[{\"@type\":\"ReadAction\",\"target\":[\"https:\\\/\\\/jujol140.cat\\\/es\\\/jujol-en-catalunya\\\/\"]}]},{\"@type\":\"BreadcrumbList\",\"@id\":\"https:\\\/\\\/jujol140.cat\\\/es\\\/jujol-en-catalunya\\\/#breadcrumb\",\"itemListElement\":[{\"@type\":\"ListItem\",\"position\":1,\"name\":\"Portada\",\"item\":\"https:\\\/\\\/jujol140.cat\\\/es\\\/\"},{\"@type\":\"ListItem\",\"position\":2,\"name\":\"Jujol en Catalunya\"}]},{\"@type\":\"WebSite\",\"@id\":\"https:\\\/\\\/jujol140.cat\\\/#website\",\"url\":\"https:\\\/\\\/jujol140.cat\\\/\",\"name\":\"Jujol 140\",\"description\":\"Moviment art\u00edstic, cultural i social per difondre la figura de Josep Maria Jujol\",\"potentialAction\":[{\"@type\":\"SearchAction\",\"target\":{\"@type\":\"EntryPoint\",\"urlTemplate\":\"https:\\\/\\\/jujol140.cat\\\/?s={search_term_string}\"},\"query-input\":{\"@type\":\"PropertyValueSpecification\",\"valueRequired\":true,\"valueName\":\"search_term_string\"}}],\"inLanguage\":\"es\"}]}<\/script>\n<!-- \/ Yoast SEO plugin. -->","yoast_head_json":{"title":"Jujol en Catalunya - Jujol 140","robots":{"index":"index","follow":"follow","max-snippet":"max-snippet:-1","max-image-preview":"max-image-preview:large","max-video-preview":"max-video-preview:-1"},"canonical":"https:\/\/jujol140.cat\/es\/jujol-en-catalunya\/","og_locale":"es_ES","og_type":"article","og_title":"Jujol en Catalunya - Jujol 140","og_description":"Jujol en Catalunya Josep Maria Jujol trabaj\u00f3 en numerosas localidades catalanas. El primer edificio proyectado por Jujol en solitario fue una casa de vecinos en el barrio del Poble Sec (Barcelona). Un a\u00f1o despu\u00e9s inici\u00f3 su primer encargo en Tarragona, el Teatro del Patronato Obrero, actualmente Teatro Metropol. Jujol tuvo una producci\u00f3n intensa, con [&hellip;]","og_url":"https:\/\/jujol140.cat\/es\/jujol-en-catalunya\/","og_site_name":"Jujol 140","article_modified_time":"2018-06-26T09:41:50+00:00","twitter_card":"summary_large_image","twitter_misc":{"Tiempo de lectura":"4 minutos"},"schema":{"@context":"https:\/\/schema.org","@graph":[{"@type":"WebPage","@id":"https:\/\/jujol140.cat\/es\/jujol-en-catalunya\/","url":"https:\/\/jujol140.cat\/es\/jujol-en-catalunya\/","name":"Jujol en Catalunya - Jujol 140","isPartOf":{"@id":"https:\/\/jujol140.cat\/#website"},"datePublished":"2018-06-11T14:13:36+00:00","dateModified":"2018-06-26T09:41:50+00:00","breadcrumb":{"@id":"https:\/\/jujol140.cat\/es\/jujol-en-catalunya\/#breadcrumb"},"inLanguage":"es","potentialAction":[{"@type":"ReadAction","target":["https:\/\/jujol140.cat\/es\/jujol-en-catalunya\/"]}]},{"@type":"BreadcrumbList","@id":"https:\/\/jujol140.cat\/es\/jujol-en-catalunya\/#breadcrumb","itemListElement":[{"@type":"ListItem","position":1,"name":"Portada","item":"https:\/\/jujol140.cat\/es\/"},{"@type":"ListItem","position":2,"name":"Jujol en Catalunya"}]},{"@type":"WebSite","@id":"https:\/\/jujol140.cat\/#website","url":"https:\/\/jujol140.cat\/","name":"Jujol 140","description":"Moviment art\u00edstic, cultural i social per difondre la figura de Josep Maria Jujol","potentialAction":[{"@type":"SearchAction","target":{"@type":"EntryPoint","urlTemplate":"https:\/\/jujol140.cat\/?s={search_term_string}"},"query-input":{"@type":"PropertyValueSpecification","valueRequired":true,"valueName":"search_term_string"}}],"inLanguage":"es"}]}},"_links":{"self":[{"href":"https:\/\/jujol140.cat\/es\/wp-json\/wp\/v2\/pages\/520","targetHints":{"allow":["GET"]}}],"collection":[{"href":"https:\/\/jujol140.cat\/es\/wp-json\/wp\/v2\/pages"}],"about":[{"href":"https:\/\/jujol140.cat\/es\/wp-json\/wp\/v2\/types\/page"}],"author":[{"embeddable":true,"href":"https:\/\/jujol140.cat\/es\/wp-json\/wp\/v2\/users\/1"}],"replies":[{"embeddable":true,"href":"https:\/\/jujol140.cat\/es\/wp-json\/wp\/v2\/comments?post=520"}],"version-history":[{"count":2,"href":"https:\/\/jujol140.cat\/es\/wp-json\/wp\/v2\/pages\/520\/revisions"}],"predecessor-version":[{"id":522,"href":"https:\/\/jujol140.cat\/es\/wp-json\/wp\/v2\/pages\/520\/revisions\/522"}],"wp:attachment":[{"href":"https:\/\/jujol140.cat\/es\/wp-json\/wp\/v2\/media?parent=520"}],"curies":[{"name":"wp","href":"https:\/\/api.w.org\/{rel}","templated":true}]}}