{"id":516,"date":"2018-06-11T10:56:39","date_gmt":"2018-06-11T10:56:39","guid":{"rendered":"http:\/\/jujol140.cat\/jujol-a-sant-joan-despi\/"},"modified":"2018-07-04T11:15:07","modified_gmt":"2018-07-04T11:15:07","slug":"jujol-en-sant-joan-despi","status":"publish","type":"page","link":"https:\/\/jujol140.cat\/es\/jujol-en-sant-joan-despi\/","title":{"rendered":"Jujol en Sant Joan Desp\u00ed"},"content":{"rendered":"<p>[et_pb_section bb_built=\u00bb1&#8243; specialty=\u00bboff\u00bb next_background_color=\u00bb#003486&#8243; _builder_version=\u00bb3.6&#8243; background_image=\u00bbhttp:\/\/jujol140.cat\/wp-content\/uploads\/2018\/06\/cannegre-2.png\u00bb gutter_width=\u00bb2&#8243; bottom_divider_style=\u00bbwave2&#8243; custom_padding=\u00bb||100px|\u00bb background_position=\u00bbbottom_center\u00bb][et_pb_row][et_pb_column type=\u00bb4_4&#8243;][et_pb_text _builder_version=\u00bb3.8&#8243; header_font=\u00bbCinzel||||||||\u00bb header_font_size=\u00bb50&#8243; header_font_size_phone=\u00bb30&#8243; header_font_size_last_edited=\u00bbon|phone\u00bb]<\/p>\n<h1 class=\"et_pb_module_header\">Jujol en <strong>Sant Joan Desp\u00ed<\/strong><\/h1>\n<p>[\/et_pb_text][et_pb_text _builder_version=\u00bb3.9&#8243; text_orientation=\u00bbjustified\u00bb text_text_color=\u00bb#000000&#8243; text_font_size=\u00bb16&#8243;]<\/p>\n<p>En <strong>Sant Joan Desp\u00ed<\/strong> encontramos uno de los legados m\u00e1s importantes de la arquitectura de Josep Maria Jujol. La construcci\u00f3n de una torre de veraneo justo al lado de la estaci\u00f3n del tren es el inicio de la relaci\u00f3n con el municipio. A partir de la construcci\u00f3n de la Torre de la Cruz, tuvo muy buena relaci\u00f3n con <strong>Sant Joan Desp\u00ed<\/strong>, y en aconteci\u00f3 los \u00faltimos 20 a\u00f1os de su vida el arquitecto municipal. A trav\u00e9s de la experimentaci\u00f3n en la arquitectura rural, podemos ver las obras m\u00e1s sugerentes del arquitecto: Torre de la Cruz, Can Negre, y la Casa Serra-Xaus entre muchas otras.<\/p>\n<p>[\/et_pb_text][\/et_pb_column][\/et_pb_row][\/et_pb_section][et_pb_section bb_built=\u00bb1&#8243; admin_label=\u00bbFeatures\u00bb module_id=\u00bbcreu\u00bb _builder_version=\u00bb3.6&#8243; background_color=\u00bb#003486&#8243; use_background_color_gradient=\u00bbon\u00bb background_color_gradient_start=\u00bb#003486&#8243; background_color_gradient_end=\u00bbrgba(255,255,255,0.07)\u00bb background_size=\u00bbinitial\u00bb background_position=\u00bbbottom_left\u00bb background_repeat=\u00bbrepeat-x\u00bb background_blend=\u00bboverlay\u00bb top_divider_height=\u00bb150px\u00bb top_divider_flip=\u00bbhorizontal\u00bb locked=\u00bboff\u00bb prev_background_color=\u00bb#ffffff\u00bb gutter_width=\u00bb2&#8243; next_background_color=\u00bb#ffffff\u00bb][et_pb_row custom_padding=\u00bb|||\u00bb custom_margin=\u00bb|||\u00bb custom_padding_last_edited=\u00bboff|desktop\u00bb _builder_version=\u00bb3.5.1&#8243; animation_style=\u00bbfade\u00bb][et_pb_column type=\u00bb1_2&#8243;][et_pb_text admin_label=\u00bbTorre de la Creu\u00bb _builder_version=\u00bb3.8&#8243; text_font=\u00bbLora||||||||\u00bb text_font_size=\u00bb18&#8243; text_line_height=\u00bb1.8em\u00bb background_layout=\u00bbdark\u00bb module_alignment=\u00bbcenter\u00bb custom_margin=\u00bb|||\u00bb animation_style=\u00bbslide\u00bb animation_direction=\u00bbtop\u00bb animation_intensity_slide=\u00bb5%\u00bb animation_starting_opacity=\u00bb100%\u00bb header_2_font_size=\u00bb30&#8243;]<\/p>\n<h2>Torre de la Creu (1913-1916)<\/h2>\n<p>La casa, formada por cinco cilindros y encargada por Josefa Romeo, fue la primera obra de Jujol en Sant Joan Desp\u00ed.<\/p>\n<p>Jujol nos propone un edificio sin limitaciones estil\u00edsticas. Dentro del contexto agr\u00edcola de la \u00e9poca, este edificio se convirti\u00f3 en un impacto visual para la sociedad.<\/p>\n<p>&nbsp;<\/p>\n<p>[\/et_pb_text][\/et_pb_column][et_pb_column type=\u00bb1_2&#8243;][et_pb_gallery _builder_version=\u00bb3.9&#8243; gallery_ids=\u00bb517,580,573,575&#8243; show_title_and_caption=\u00bboff\u00bb show_pagination=\u00bboff\u00bb zoom_icon_color=\u00bb#0069b8&#8243; hover_overlay_color=\u00bbrgba(255,255,255,0.9)\u00bb \/][\/et_pb_column][\/et_pb_row][\/et_pb_section][et_pb_section bb_built=\u00bb1&#8243; admin_label=\u00bbFeatures\u00bb module_id=\u00bbcreu\u00bb _builder_version=\u00bb3.6&#8243; background_color=\u00bb#ffffff\u00bb use_background_color_gradient=\u00bbon\u00bb background_color_gradient_start=\u00bb#ffffff\u00bb background_color_gradient_end=\u00bbrgba(255,255,255,0.07)\u00bb background_size=\u00bbinitial\u00bb background_position=\u00bbbottom_left\u00bb background_repeat=\u00bbrepeat-x\u00bb background_blend=\u00bboverlay\u00bb top_divider_height=\u00bb150px\u00bb top_divider_flip=\u00bbhorizontal\u00bb prev_background_color=\u00bb#003486&#8243; gutter_width=\u00bb2&#8243; next_background_color=\u00bb#003486&#8243;][et_pb_row custom_padding=\u00bb|||\u00bb custom_margin=\u00bb|||\u00bb custom_padding_last_edited=\u00bboff|desktop\u00bb _builder_version=\u00bb3.5.1&#8243; animation_style=\u00bbfade\u00bb][et_pb_column type=\u00bb1_2&#8243;][et_pb_text admin_label=\u00bbCan Negre\u00bb _builder_version=\u00bb3.9&#8243; text_font=\u00bbLora||||||||\u00bb text_font_size=\u00bb18&#8243; text_line_height=\u00bb1.8em\u00bb module_alignment=\u00bbcenter\u00bb custom_margin=\u00bb|||\u00bb animation_style=\u00bbslide\u00bb animation_direction=\u00bbtop\u00bb animation_intensity_slide=\u00bb5%\u00bb animation_starting_opacity=\u00bb100%\u00bb header_2_font_size=\u00bb30&#8243; module_id=\u00bbnegre\u00bb]<\/p>\n<h2>Can Negre (1915-1930)<\/h2>\n<p>Aunque no es un edificio de nueva planta del arquitecto, se ha convertido en uno de los s\u00edmbolos jujolianos por excelencia.<\/p>\n<p>Jujol construye una gran fachada decorada con una carroza en la parte central y esgrafiados, creando una alabanza a la Virgen Mar\u00eda. El arquitecto adapt\u00f3 esta antigua mas\u00eda del siglo XVII en casa de veraneo para su propietario, Pere Negre. En el interior destacan la explosi\u00f3n pl\u00e1stica de la capilla y de la escalera.<\/p>\n<p>&nbsp;<\/p>\n<p>&nbsp;<\/p>\n<p>[\/et_pb_text][\/et_pb_column][et_pb_column type=\u00bb1_2&#8243;][et_pb_gallery _builder_version=\u00bb3.9&#8243; gallery_ids=\u00bb578,577,579,581&#8243; show_title_and_caption=\u00bboff\u00bb show_pagination=\u00bboff\u00bb zoom_icon_color=\u00bb#0069b8&#8243; hover_overlay_color=\u00bbrgba(255,255,255,0.9)\u00bb \/][\/et_pb_column][\/et_pb_row][\/et_pb_section][et_pb_section bb_built=\u00bb1&#8243; admin_label=\u00bbFeatures\u00bb module_id=\u00bbaltres\u00bb _builder_version=\u00bb3.6&#8243; background_color=\u00bb#003486&#8243; use_background_color_gradient=\u00bbon\u00bb background_color_gradient_start=\u00bb#003486&#8243; background_color_gradient_end=\u00bbrgba(255,255,255,0.07)\u00bb background_size=\u00bbinitial\u00bb background_position=\u00bbbottom_left\u00bb background_repeat=\u00bbrepeat-x\u00bb background_blend=\u00bboverlay\u00bb top_divider_height=\u00bb150px\u00bb top_divider_flip=\u00bbhorizontal\u00bb prev_background_color=\u00bb#ffffff\u00bb gutter_width=\u00bb2&#8243; next_background_color=\u00bb#ffffff\u00bb][et_pb_row custom_padding=\u00bb|||\u00bb custom_margin=\u00bb|||\u00bb custom_padding_last_edited=\u00bboff|desktop\u00bb _builder_version=\u00bb3.5.1&#8243; animation_style=\u00bbfade\u00bb][et_pb_column type=\u00bb1_2&#8243;][et_pb_text admin_label=\u00bbCasa Serra-Xaus (1921)\u00bb _builder_version=\u00bb3.8&#8243; text_font=\u00bbLora||||||||\u00bb text_font_size=\u00bb18&#8243; text_line_height=\u00bb1.8em\u00bb background_layout=\u00bbdark\u00bb module_alignment=\u00bbcenter\u00bb custom_margin=\u00bb|||\u00bb animation_style=\u00bbslide\u00bb animation_direction=\u00bbtop\u00bb animation_intensity_slide=\u00bb5%\u00bb animation_starting_opacity=\u00bb100%\u00bb header_2_font_size=\u00bb30&#8243;]<\/p>\n<h2>Casa Serra-Xaus (1921)<\/h2>\n<p>Es uno de los edificios de formas m\u00e1s modernas dentro de la obra de Jujol en Sant Joan Desp\u00ed. Las l\u00edneas rectas son las que imperan en los espacios de la casa. La decoraci\u00f3n est\u00e1 basada en esgrafiados azules y rojos, as\u00ed como en parejas de patos en las partes superiores de las ventanas.<\/p>\n<p>[\/et_pb_text][et_pb_image _builder_version=\u00bb3.7&#8243; src=\u00bbhttp:\/\/jujol140.cat\/wp-content\/uploads\/2018\/06\/jujol-140-casa-serra-xaus.jpg\u00bb show_in_lightbox=\u00bbon\u00bb animation_style=\u00bbzoom\u00bb align=\u00bbcenter\u00bb \/][\/et_pb_column][et_pb_column type=\u00bb1_2&#8243;][et_pb_text admin_label=\u00bbCasa Rovira (1926)\u00bb _builder_version=\u00bb3.8&#8243; text_font=\u00bbLora||||||||\u00bb text_font_size=\u00bb18&#8243; text_line_height=\u00bb1.8em\u00bb background_layout=\u00bbdark\u00bb module_alignment=\u00bbcenter\u00bb custom_margin=\u00bb|||\u00bb animation_style=\u00bbslide\u00bb animation_direction=\u00bbtop\u00bb animation_intensity_slide=\u00bb5%\u00bb animation_starting_opacity=\u00bb100%\u00bb header_2_font_size=\u00bb30&#8243;]<\/p>\n<h2>Casa Rovira (1926)<\/h2>\n<p>En este edificio, Jujol cre\u00f3 una fachada dedicada a San Antonio Abad, donde podemos encontrar esgrafiados dedicados al campo y la fruta. Las principales caracter\u00edsticas del edificio son la dataci\u00f3n (anno dominio 1926) y la firma de Jujol acompa\u00f1ada por el anagrama ARQ, refiri\u00e9ndose a arquitecto.<\/p>\n<p>[\/et_pb_text][et_pb_image _builder_version=\u00bb3.7&#8243; src=\u00bbhttp:\/\/jujol140.cat\/wp-content\/uploads\/2018\/06\/jujol-140-casa-rovira.jpg\u00bb show_in_lightbox=\u00bbon\u00bb animation_style=\u00bbzoom\u00bb align=\u00bbcenter\u00bb \/][\/et_pb_column][\/et_pb_row][\/et_pb_section][et_pb_section bb_built=\u00bb1&#8243; admin_label=\u00bbFeatures\u00bb _builder_version=\u00bb3.6&#8243; background_color=\u00bb#ffffff\u00bb use_background_color_gradient=\u00bbon\u00bb background_color_gradient_start=\u00bb#ffffff\u00bb background_color_gradient_end=\u00bbrgba(255,255,255,0.07)\u00bb background_size=\u00bbinitial\u00bb background_position=\u00bbbottom_left\u00bb background_repeat=\u00bbrepeat-x\u00bb background_blend=\u00bboverlay\u00bb top_divider_height=\u00bb150px\u00bb top_divider_flip=\u00bbhorizontal\u00bb prev_background_color=\u00bb#003486&#8243; gutter_width=\u00bb2&#8243;][et_pb_row custom_padding=\u00bb|||\u00bb custom_margin=\u00bb|||\u00bb custom_padding_last_edited=\u00bboff|desktop\u00bb _builder_version=\u00bb3.5.1&#8243; animation_style=\u00bbfade\u00bb][et_pb_column type=\u00bb1_2&#8243;][et_pb_text admin_label=\u00bbTorre Jujol (1932)\u00bb _builder_version=\u00bb3.8&#8243; text_font=\u00bbLora||||||||\u00bb text_font_size=\u00bb18&#8243; text_line_height=\u00bb1.8em\u00bb module_alignment=\u00bbcenter\u00bb custom_margin=\u00bb|||\u00bb animation_style=\u00bbslide\u00bb animation_direction=\u00bbtop\u00bb animation_intensity_slide=\u00bb5%\u00bb animation_starting_opacity=\u00bb100%\u00bb header_2_font_size=\u00bb30&#8243;]<\/p>\n<h2>Torre Jujol (1932)<\/h2>\n<p>Durante los a\u00f1os de relaci\u00f3n del arquitecto con el municipio, Jujol acab\u00f3 construy\u00e9ndose una casa propia para pasar estancias y controlar las obras emprendidas en la poblaci\u00f3n. La casa est\u00e1 compuesta por dos viviendas con planta con forma de letra \u00abL\u00bb, y decorada con esgrafiados ondulados del color predilecto de Jujol, el mart\u00edn pescador. La inscripci\u00f3n sobre la puerta \u00abDios sea\u00bb nos habla de una personalidad marcada por el sentido religioso.<\/p>\n<p>[\/et_pb_text][et_pb_image _builder_version=\u00bb3.7&#8243; src=\u00bbhttp:\/\/jujol140.cat\/wp-content\/uploads\/2018\/06\/jujol-140-torre-jujol.jpg\u00bb show_in_lightbox=\u00bbon\u00bb animation_style=\u00bbzoom\u00bb align=\u00bbcenter\u00bb \/][\/et_pb_column][et_pb_column type=\u00bb1_2&#8243;][et_pb_text admin_label=\u00bbEsgl\u00e9sia parroquial de Sant Joan Desp\u00ed (1944)\u00bb _builder_version=\u00bb3.8&#8243; text_font=\u00bbLora||||||||\u00bb text_font_size=\u00bb18&#8243; text_line_height=\u00bb1.8em\u00bb module_alignment=\u00bbcenter\u00bb custom_margin=\u00bb|||\u00bb animation_style=\u00bbslide\u00bb animation_direction=\u00bbtop\u00bb animation_intensity_slide=\u00bb5%\u00bb animation_starting_opacity=\u00bb100%\u00bb header_2_font_size=\u00bb30&#8243;]<\/p>\n<h2>Iglesia parroquial de Sant Joan Desp\u00ed (1944)<\/h2>\n<p>Jujol hizo trabajos decorativos para la iglesia de San Juan Bautista. Podemos encontrar ejemplos de inscripciones, como son las frases b\u00edblicas los p\u00falpitos, vitrales con representaciones eucar\u00edsticas, un sagrario con trasfondo franciscano, entre otros ejemplos de pintura y escultura con hierro. La obra religiosa de Josep Maria Jujol se basa en el simbolismo, la decoraci\u00f3n colorista y las formas naturales.<\/p>\n<p>[\/et_pb_text][et_pb_image _builder_version=\u00bb3.7&#8243; src=\u00bbhttp:\/\/jujol140.cat\/wp-content\/uploads\/2018\/06\/jujol-140-esglesia.jpg\u00bb show_in_lightbox=\u00bbon\u00bb animation_style=\u00bbzoom\u00bb align=\u00bbcenter\u00bb \/][\/et_pb_column][\/et_pb_row][\/et_pb_section]<\/p>\n","protected":false},"excerpt":{"rendered":"<p><div class=\"et_pb_row et_pb_row_0 et_pb_row_empty\">\n\t\t\t\t\n\t\t\t\t\n\t\t\t\t\n\t\t\t\t\n\t\t\t\t\n\t\t\t<\/div> Jujol en Sant Joan Desp\u00ed En Sant Joan Desp\u00ed encontramos uno de los legados m\u00e1s importantes de la arquitectura de Josep Maria Jujol. La construcci\u00f3n de una torre de veraneo justo al lado de la estaci\u00f3n del tren es el inicio de la relaci\u00f3n con el municipio. A partir de la construcci\u00f3n de la [&hellip;]<\/p>\n","protected":false},"author":1,"featured_media":0,"parent":0,"menu_order":0,"comment_status":"closed","ping_status":"closed","template":"","meta":{"_et_pb_use_builder":"on","_et_pb_old_content":"","_et_gb_content_width":"","footnotes":""},"class_list":["post-516","page","type-page","status-publish","hentry"],"yoast_head":"<!-- This site is optimized with the Yoast SEO plugin v27.2 - https:\/\/yoast.com\/product\/yoast-seo-wordpress\/ -->\n<title>Jujol en Sant Joan Desp\u00ed - Jujol 140<\/title>\n<meta name=\"robots\" content=\"index, follow, max-snippet:-1, max-image-preview:large, max-video-preview:-1\" \/>\n<link rel=\"canonical\" href=\"https:\/\/jujol140.cat\/es\/jujol-en-sant-joan-despi\/\" \/>\n<meta property=\"og:locale\" content=\"es_ES\" \/>\n<meta property=\"og:type\" content=\"article\" \/>\n<meta property=\"og:title\" content=\"Jujol en Sant Joan Desp\u00ed - Jujol 140\" \/>\n<meta property=\"og:description\" content=\"Jujol en Sant Joan Desp\u00ed En Sant Joan Desp\u00ed encontramos uno de los legados m\u00e1s importantes de la arquitectura de Josep Maria Jujol. La construcci\u00f3n de una torre de veraneo justo al lado de la estaci\u00f3n del tren es el inicio de la relaci\u00f3n con el municipio. A partir de la construcci\u00f3n de la [&hellip;]\" \/>\n<meta property=\"og:url\" content=\"https:\/\/jujol140.cat\/es\/jujol-en-sant-joan-despi\/\" \/>\n<meta property=\"og:site_name\" content=\"Jujol 140\" \/>\n<meta property=\"article:modified_time\" content=\"2018-07-04T11:15:07+00:00\" \/>\n<meta name=\"twitter:card\" content=\"summary_large_image\" \/>\n<meta name=\"twitter:label1\" content=\"Tiempo de lectura\" \/>\n\t<meta name=\"twitter:data1\" content=\"7 minutos\" \/>\n<script type=\"application\/ld+json\" class=\"yoast-schema-graph\">{\"@context\":\"https:\/\/schema.org\",\"@graph\":[{\"@type\":\"WebPage\",\"@id\":\"https:\/\/jujol140.cat\/es\/jujol-en-sant-joan-despi\/\",\"url\":\"https:\/\/jujol140.cat\/es\/jujol-en-sant-joan-despi\/\",\"name\":\"Jujol en Sant Joan Desp\u00ed - Jujol 140\",\"isPartOf\":{\"@id\":\"https:\/\/jujol140.cat\/#website\"},\"datePublished\":\"2018-06-11T10:56:39+00:00\",\"dateModified\":\"2018-07-04T11:15:07+00:00\",\"breadcrumb\":{\"@id\":\"https:\/\/jujol140.cat\/es\/jujol-en-sant-joan-despi\/#breadcrumb\"},\"inLanguage\":\"es\",\"potentialAction\":[{\"@type\":\"ReadAction\",\"target\":[\"https:\/\/jujol140.cat\/es\/jujol-en-sant-joan-despi\/\"]}]},{\"@type\":\"BreadcrumbList\",\"@id\":\"https:\/\/jujol140.cat\/es\/jujol-en-sant-joan-despi\/#breadcrumb\",\"itemListElement\":[{\"@type\":\"ListItem\",\"position\":1,\"name\":\"Portada\",\"item\":\"https:\/\/jujol140.cat\/es\/\"},{\"@type\":\"ListItem\",\"position\":2,\"name\":\"Jujol en Sant Joan Desp\u00ed\"}]},{\"@type\":\"WebSite\",\"@id\":\"https:\/\/jujol140.cat\/#website\",\"url\":\"https:\/\/jujol140.cat\/\",\"name\":\"Jujol 140\",\"description\":\"Moviment art\u00edstic, cultural i social per difondre la figura de Josep Maria Jujol\",\"potentialAction\":[{\"@type\":\"SearchAction\",\"target\":{\"@type\":\"EntryPoint\",\"urlTemplate\":\"https:\/\/jujol140.cat\/?s={search_term_string}\"},\"query-input\":{\"@type\":\"PropertyValueSpecification\",\"valueRequired\":true,\"valueName\":\"search_term_string\"}}],\"inLanguage\":\"es\"}]}<\/script>\n<!-- \/ Yoast SEO plugin. -->","yoast_head_json":{"title":"Jujol en Sant Joan Desp\u00ed - Jujol 140","robots":{"index":"index","follow":"follow","max-snippet":"max-snippet:-1","max-image-preview":"max-image-preview:large","max-video-preview":"max-video-preview:-1"},"canonical":"https:\/\/jujol140.cat\/es\/jujol-en-sant-joan-despi\/","og_locale":"es_ES","og_type":"article","og_title":"Jujol en Sant Joan Desp\u00ed - Jujol 140","og_description":"Jujol en Sant Joan Desp\u00ed En Sant Joan Desp\u00ed encontramos uno de los legados m\u00e1s importantes de la arquitectura de Josep Maria Jujol. La construcci\u00f3n de una torre de veraneo justo al lado de la estaci\u00f3n del tren es el inicio de la relaci\u00f3n con el municipio. A partir de la construcci\u00f3n de la [&hellip;]","og_url":"https:\/\/jujol140.cat\/es\/jujol-en-sant-joan-despi\/","og_site_name":"Jujol 140","article_modified_time":"2018-07-04T11:15:07+00:00","twitter_card":"summary_large_image","twitter_misc":{"Tiempo de lectura":"7 minutos"},"schema":{"@context":"https:\/\/schema.org","@graph":[{"@type":"WebPage","@id":"https:\/\/jujol140.cat\/es\/jujol-en-sant-joan-despi\/","url":"https:\/\/jujol140.cat\/es\/jujol-en-sant-joan-despi\/","name":"Jujol en Sant Joan Desp\u00ed - Jujol 140","isPartOf":{"@id":"https:\/\/jujol140.cat\/#website"},"datePublished":"2018-06-11T10:56:39+00:00","dateModified":"2018-07-04T11:15:07+00:00","breadcrumb":{"@id":"https:\/\/jujol140.cat\/es\/jujol-en-sant-joan-despi\/#breadcrumb"},"inLanguage":"es","potentialAction":[{"@type":"ReadAction","target":["https:\/\/jujol140.cat\/es\/jujol-en-sant-joan-despi\/"]}]},{"@type":"BreadcrumbList","@id":"https:\/\/jujol140.cat\/es\/jujol-en-sant-joan-despi\/#breadcrumb","itemListElement":[{"@type":"ListItem","position":1,"name":"Portada","item":"https:\/\/jujol140.cat\/es\/"},{"@type":"ListItem","position":2,"name":"Jujol en Sant Joan Desp\u00ed"}]},{"@type":"WebSite","@id":"https:\/\/jujol140.cat\/#website","url":"https:\/\/jujol140.cat\/","name":"Jujol 140","description":"Moviment art\u00edstic, cultural i social per difondre la figura de Josep Maria Jujol","potentialAction":[{"@type":"SearchAction","target":{"@type":"EntryPoint","urlTemplate":"https:\/\/jujol140.cat\/?s={search_term_string}"},"query-input":{"@type":"PropertyValueSpecification","valueRequired":true,"valueName":"search_term_string"}}],"inLanguage":"es"}]}},"_links":{"self":[{"href":"https:\/\/jujol140.cat\/es\/wp-json\/wp\/v2\/pages\/516","targetHints":{"allow":["GET"]}}],"collection":[{"href":"https:\/\/jujol140.cat\/es\/wp-json\/wp\/v2\/pages"}],"about":[{"href":"https:\/\/jujol140.cat\/es\/wp-json\/wp\/v2\/types\/page"}],"author":[{"embeddable":true,"href":"https:\/\/jujol140.cat\/es\/wp-json\/wp\/v2\/users\/1"}],"replies":[{"embeddable":true,"href":"https:\/\/jujol140.cat\/es\/wp-json\/wp\/v2\/comments?post=516"}],"version-history":[{"count":5,"href":"https:\/\/jujol140.cat\/es\/wp-json\/wp\/v2\/pages\/516\/revisions"}],"predecessor-version":[{"id":622,"href":"https:\/\/jujol140.cat\/es\/wp-json\/wp\/v2\/pages\/516\/revisions\/622"}],"wp:attachment":[{"href":"https:\/\/jujol140.cat\/es\/wp-json\/wp\/v2\/media?parent=516"}],"curies":[{"name":"wp","href":"https:\/\/api.w.org\/{rel}","templated":true}]}}