{"id":513,"date":"2018-06-18T08:19:31","date_gmt":"2018-06-18T08:19:31","guid":{"rendered":"http:\/\/jujol140.cat\/manifest\/"},"modified":"2018-07-04T11:15:47","modified_gmt":"2018-07-04T11:15:47","slug":"manifiesto","status":"publish","type":"page","link":"https:\/\/jujol140.cat\/es\/manifiesto\/","title":{"rendered":"Manifiesto"},"content":{"rendered":"<p>[et_pb_section bb_built=\u00bb1&#8243; specialty=\u00bboff\u00bb next_background_color=\u00bb#003486&#8243; _builder_version=\u00bb3.6&#8243; background_image=\u00bbhttp:\/\/jujol140.cat\/wp-content\/uploads\/2018\/06\/cannegre-2.png\u00bb gutter_width=\u00bb2&#8243; bottom_divider_style=\u00bbwave2&#8243; custom_padding=\u00bb||100px|\u00bb background_position=\u00bbbottom_center\u00bb][et_pb_row][et_pb_column type=\u00bb4_4&#8243;][et_pb_text _builder_version=\u00bb3.8&#8243; header_font=\u00bbCinzel||||||||\u00bb header_font_size=\u00bb50&#8243; header_font_size_phone=\u00bb30&#8243; header_font_size_last_edited=\u00bbon|phone\u00bb]<\/p>\n<h1 class=\"et_pb_module_header\">Manifiesto Jujol<strong><br \/>\n<\/strong><\/h1>\n<p>[\/et_pb_text][et_pb_text _builder_version=\u00bb3.9&#8243; text_orientation=\u00bbjustified\u00bb text_text_color=\u00bb#000000&#8243; text_font_size=\u00bb16&#8243;]<\/p>\n<p>En el a\u00f1o 2016 se hizo p\u00fablico el <strong>Manifiesto Jujol<\/strong>, que ya han suscrito diferentes instituciones, profesionales de la arquitectura y las artes pl\u00e1sticas, intelectuales, acad\u00e9micos, estudiantes y personas interesadas por la cultura. Los firmantes manifiestan su inter\u00e9s por recuperar y promocionar la memoria del arquitecto Josep Maria Jujol.<\/p>\n<p><strong>Si quiere adherirse al Manifiesto Jujol<\/strong>, puede hacerlo presencialmente en el <strong> <a href=\"http:\/\/www.sjdespi.net\/wca\/la-ciutat-temes\/cultura\/centre-jujol-can-negre-escola-dart\" target=\"_blank\" rel=\"noopener\"> Centro Jujol-Can Negre <\/a> <\/strong> (plaza de Catalunya, s\/n, Sant Joan Desp\u00ed), a la <strong> Casa Bofarull <\/strong> (C. Major, 11, Els Pallaresos) y en <strong>Ermita del Roser de Vallmoll <\/strong> (camino del Roser, Vallmoll).<\/p>\n<p>[\/et_pb_text][et_pb_button _builder_version=\u00bb3.8&#8243; button_text=\u00bbDescargar Manifiesto\u00bb button_url=\u00bbhttp:\/\/jujol140.cat\/wp-content\/uploads\/2018\/06\/manifest_jm_jujol.pdf\u00bb button_alignment=\u00bbright\u00bb url_new_window=\u00bbon\u00bb \/][\/et_pb_column][\/et_pb_row][\/et_pb_section][et_pb_section bb_built=\u00bb1&#8243; admin_label=\u00bbFeatures\u00bb module_id=\u00bbcreu\u00bb _builder_version=\u00bb3.7&#8243; background_color=\u00bb#003486&#8243; use_background_color_gradient=\u00bbon\u00bb background_color_gradient_start=\u00bb#003486&#8243; background_color_gradient_end=\u00bbrgba(255,255,255,0.07)\u00bb background_size=\u00bbinitial\u00bb background_position=\u00bbbottom_left\u00bb background_repeat=\u00bbrepeat-x\u00bb background_blend=\u00bboverlay\u00bb top_divider_height=\u00bb150px\u00bb top_divider_flip=\u00bbhorizontal\u00bb locked=\u00bboff\u00bb prev_background_color=\u00bb#ffffff\u00bb gutter_width=\u00bb2&#8243; disabled=\u00bboff\u00bb disabled_on=\u00bboff|off|off\u00bb][et_pb_row][et_pb_column type=\u00bb4_4&#8243;][\/et_pb_column][\/et_pb_row][\/et_pb_section]<\/p>\n","protected":false},"excerpt":{"rendered":"<p><div class=\"et_pb_row et_pb_row_0 et_pb_row_empty\">\n\t\t\t\t\n\t\t\t\t\n\t\t\t\t\n\t\t\t\t\n\t\t\t\t\n\t\t\t<\/div> Manifiesto Jujol En el a\u00f1o 2016 se hizo p\u00fablico el Manifiesto Jujol, que ya han suscrito diferentes instituciones, profesionales de la arquitectura y las artes pl\u00e1sticas, intelectuales, acad\u00e9micos, estudiantes y personas interesadas por la cultura. Los firmantes manifiestan su inter\u00e9s por recuperar y promocionar la memoria del arquitecto Josep Maria Jujol. Si quiere adherirse [&hellip;]<\/p>\n","protected":false},"author":1,"featured_media":0,"parent":0,"menu_order":0,"comment_status":"closed","ping_status":"closed","template":"","meta":{"_et_pb_use_builder":"on","_et_pb_old_content":"","_et_gb_content_width":"","footnotes":""},"class_list":["post-513","page","type-page","status-publish","hentry"],"yoast_head":"<!-- This site is optimized with the Yoast SEO plugin v27.2 - https:\/\/yoast.com\/product\/yoast-seo-wordpress\/ -->\n<title>Manifiesto - Jujol 140<\/title>\n<meta name=\"robots\" content=\"index, follow, max-snippet:-1, max-image-preview:large, max-video-preview:-1\" \/>\n<link rel=\"canonical\" href=\"https:\/\/jujol140.cat\/es\/manifiesto\/\" \/>\n<meta property=\"og:locale\" content=\"es_ES\" \/>\n<meta property=\"og:type\" content=\"article\" \/>\n<meta property=\"og:title\" content=\"Manifiesto - Jujol 140\" \/>\n<meta property=\"og:description\" content=\"Manifiesto Jujol En el a\u00f1o 2016 se hizo p\u00fablico el Manifiesto Jujol, que ya han suscrito diferentes instituciones, profesionales de la arquitectura y las artes pl\u00e1sticas, intelectuales, acad\u00e9micos, estudiantes y personas interesadas por la cultura. Los firmantes manifiestan su inter\u00e9s por recuperar y promocionar la memoria del arquitecto Josep Maria Jujol. Si quiere adherirse [&hellip;]\" \/>\n<meta property=\"og:url\" content=\"https:\/\/jujol140.cat\/es\/manifiesto\/\" \/>\n<meta property=\"og:site_name\" content=\"Jujol 140\" \/>\n<meta property=\"article:modified_time\" content=\"2018-07-04T11:15:47+00:00\" \/>\n<meta name=\"twitter:card\" content=\"summary_large_image\" \/>\n<meta name=\"twitter:label1\" content=\"Tiempo de lectura\" \/>\n\t<meta name=\"twitter:data1\" content=\"1 minuto\" \/>\n<script type=\"application\/ld+json\" class=\"yoast-schema-graph\">{\"@context\":\"https:\/\/schema.org\",\"@graph\":[{\"@type\":\"WebPage\",\"@id\":\"https:\/\/jujol140.cat\/es\/manifiesto\/\",\"url\":\"https:\/\/jujol140.cat\/es\/manifiesto\/\",\"name\":\"Manifiesto - Jujol 140\",\"isPartOf\":{\"@id\":\"https:\/\/jujol140.cat\/#website\"},\"datePublished\":\"2018-06-18T08:19:31+00:00\",\"dateModified\":\"2018-07-04T11:15:47+00:00\",\"breadcrumb\":{\"@id\":\"https:\/\/jujol140.cat\/es\/manifiesto\/#breadcrumb\"},\"inLanguage\":\"es\",\"potentialAction\":[{\"@type\":\"ReadAction\",\"target\":[\"https:\/\/jujol140.cat\/es\/manifiesto\/\"]}]},{\"@type\":\"BreadcrumbList\",\"@id\":\"https:\/\/jujol140.cat\/es\/manifiesto\/#breadcrumb\",\"itemListElement\":[{\"@type\":\"ListItem\",\"position\":1,\"name\":\"Portada\",\"item\":\"https:\/\/jujol140.cat\/es\/\"},{\"@type\":\"ListItem\",\"position\":2,\"name\":\"Manifiesto\"}]},{\"@type\":\"WebSite\",\"@id\":\"https:\/\/jujol140.cat\/#website\",\"url\":\"https:\/\/jujol140.cat\/\",\"name\":\"Jujol 140\",\"description\":\"Moviment art\u00edstic, cultural i social per difondre la figura de Josep Maria Jujol\",\"potentialAction\":[{\"@type\":\"SearchAction\",\"target\":{\"@type\":\"EntryPoint\",\"urlTemplate\":\"https:\/\/jujol140.cat\/?s={search_term_string}\"},\"query-input\":{\"@type\":\"PropertyValueSpecification\",\"valueRequired\":true,\"valueName\":\"search_term_string\"}}],\"inLanguage\":\"es\"}]}<\/script>\n<!-- \/ Yoast SEO plugin. -->","yoast_head_json":{"title":"Manifiesto - Jujol 140","robots":{"index":"index","follow":"follow","max-snippet":"max-snippet:-1","max-image-preview":"max-image-preview:large","max-video-preview":"max-video-preview:-1"},"canonical":"https:\/\/jujol140.cat\/es\/manifiesto\/","og_locale":"es_ES","og_type":"article","og_title":"Manifiesto - Jujol 140","og_description":"Manifiesto Jujol En el a\u00f1o 2016 se hizo p\u00fablico el Manifiesto Jujol, que ya han suscrito diferentes instituciones, profesionales de la arquitectura y las artes pl\u00e1sticas, intelectuales, acad\u00e9micos, estudiantes y personas interesadas por la cultura. Los firmantes manifiestan su inter\u00e9s por recuperar y promocionar la memoria del arquitecto Josep Maria Jujol. Si quiere adherirse [&hellip;]","og_url":"https:\/\/jujol140.cat\/es\/manifiesto\/","og_site_name":"Jujol 140","article_modified_time":"2018-07-04T11:15:47+00:00","twitter_card":"summary_large_image","twitter_misc":{"Tiempo de lectura":"1 minuto"},"schema":{"@context":"https:\/\/schema.org","@graph":[{"@type":"WebPage","@id":"https:\/\/jujol140.cat\/es\/manifiesto\/","url":"https:\/\/jujol140.cat\/es\/manifiesto\/","name":"Manifiesto - Jujol 140","isPartOf":{"@id":"https:\/\/jujol140.cat\/#website"},"datePublished":"2018-06-18T08:19:31+00:00","dateModified":"2018-07-04T11:15:47+00:00","breadcrumb":{"@id":"https:\/\/jujol140.cat\/es\/manifiesto\/#breadcrumb"},"inLanguage":"es","potentialAction":[{"@type":"ReadAction","target":["https:\/\/jujol140.cat\/es\/manifiesto\/"]}]},{"@type":"BreadcrumbList","@id":"https:\/\/jujol140.cat\/es\/manifiesto\/#breadcrumb","itemListElement":[{"@type":"ListItem","position":1,"name":"Portada","item":"https:\/\/jujol140.cat\/es\/"},{"@type":"ListItem","position":2,"name":"Manifiesto"}]},{"@type":"WebSite","@id":"https:\/\/jujol140.cat\/#website","url":"https:\/\/jujol140.cat\/","name":"Jujol 140","description":"Moviment art\u00edstic, cultural i social per difondre la figura de Josep Maria Jujol","potentialAction":[{"@type":"SearchAction","target":{"@type":"EntryPoint","urlTemplate":"https:\/\/jujol140.cat\/?s={search_term_string}"},"query-input":{"@type":"PropertyValueSpecification","valueRequired":true,"valueName":"search_term_string"}}],"inLanguage":"es"}]}},"_links":{"self":[{"href":"https:\/\/jujol140.cat\/es\/wp-json\/wp\/v2\/pages\/513","targetHints":{"allow":["GET"]}}],"collection":[{"href":"https:\/\/jujol140.cat\/es\/wp-json\/wp\/v2\/pages"}],"about":[{"href":"https:\/\/jujol140.cat\/es\/wp-json\/wp\/v2\/types\/page"}],"author":[{"embeddable":true,"href":"https:\/\/jujol140.cat\/es\/wp-json\/wp\/v2\/users\/1"}],"replies":[{"embeddable":true,"href":"https:\/\/jujol140.cat\/es\/wp-json\/wp\/v2\/comments?post=513"}],"version-history":[{"count":4,"href":"https:\/\/jujol140.cat\/es\/wp-json\/wp\/v2\/pages\/513\/revisions"}],"predecessor-version":[{"id":624,"href":"https:\/\/jujol140.cat\/es\/wp-json\/wp\/v2\/pages\/513\/revisions\/624"}],"wp:attachment":[{"href":"https:\/\/jujol140.cat\/es\/wp-json\/wp\/v2\/media?parent=513"}],"curies":[{"name":"wp","href":"https:\/\/api.w.org\/{rel}","templated":true}]}}