{"id":510,"date":"2018-06-18T08:06:44","date_gmt":"2018-06-18T08:06:44","guid":{"rendered":"http:\/\/jujol140.cat\/adhesions\/"},"modified":"2019-03-19T09:36:23","modified_gmt":"2019-03-19T09:36:23","slug":"adhesiones","status":"publish","type":"page","link":"https:\/\/jujol140.cat\/es\/adhesiones\/","title":{"rendered":"Adhesiones"},"content":{"rendered":"<p>[et_pb_section bb_built=\u00bb1&#8243; specialty=\u00bboff\u00bb next_background_color=\u00bb#003486&#8243; _builder_version=\u00bb3.6&#8243; background_image=\u00bbhttp:\/\/jujol140.cat\/wp-content\/uploads\/2018\/06\/cannegre-2.png\u00bb gutter_width=\u00bb2&#8243; bottom_divider_style=\u00bbwave2&#8243; custom_padding=\u00bb||100px|\u00bb background_position=\u00bbbottom_center\u00bb][et_pb_row][et_pb_column type=\u00bb4_4&#8243;][et_pb_text _builder_version=\u00bb3.11.1&#8243; header_font=\u00bbCinzel||||||||\u00bb header_font_size=\u00bb50&#8243; header_font_size_phone=\u00bb30&#8243; header_font_size_last_edited=\u00bbon|phone\u00bb]<\/p>\n<h1 class=\"et_pb_module_header\"><strong>Adhesiones<\/strong> al A\u00f1o Jujol140<\/h1>\n<p>[\/et_pb_text][et_pb_text _builder_version=\u00bb3.11.1&#8243; text_orientation=\u00bbjustified\u00bb text_text_color=\u00bb#000000&#8243; text_font_size=\u00bb16&#8243;]<\/p>\n<p>\nEl A\u00f1o Jujol140 ha sumado la complicidad de municipios con obra de Jujol, instituciones, entidades, organismos y personalidades del mundo de la arquitectura y de la cultura.<\/p>\n<p>[\/et_pb_text][\/et_pb_column][\/et_pb_row][\/et_pb_section][et_pb_section bb_built=\u00bb1&#8243; admin_label=\u00bbFeatures\u00bb module_id=\u00bbcreu\u00bb _builder_version=\u00bb3.6&#8243; background_color=\u00bb#003486&#8243; use_background_color_gradient=\u00bbon\u00bb background_color_gradient_start=\u00bb#003486&#8243; background_color_gradient_end=\u00bbrgba(255,255,255,0.07)\u00bb background_size=\u00bbinitial\u00bb background_position=\u00bbbottom_left\u00bb background_repeat=\u00bbrepeat-x\u00bb background_blend=\u00bboverlay\u00bb top_divider_height=\u00bb150px\u00bb top_divider_flip=\u00bbhorizontal\u00bb locked=\u00bboff\u00bb prev_background_color=\u00bb#ffffff\u00bb gutter_width=\u00bb2&#8243; next_background_color=\u00bb#ffffff\u00bb][et_pb_row custom_padding=\u00bb|||\u00bb custom_margin=\u00bb|||\u00bb custom_padding_last_edited=\u00bboff|desktop\u00bb _builder_version=\u00bb3.5.1&#8243; animation_style=\u00bbfade\u00bb][et_pb_column type=\u00bb1_2&#8243;][et_pb_text admin_label=\u00bbMunicipis adherits a l\u2019Any Jujol140&#8243; _builder_version=\u00bb3.19.4&#8243; text_font=\u00bbLora||||||||\u00bb text_font_size=\u00bb18&#8243; text_line_height=\u00bb1.8em\u00bb background_layout=\u00bbdark\u00bb module_alignment=\u00bbcenter\u00bb custom_margin=\u00bb|||\u00bb animation_style=\u00bbslide\u00bb animation_direction=\u00bbtop\u00bb animation_intensity_slide=\u00bb5%\u00bb animation_starting_opacity=\u00bb100%\u00bb header_2_font_size=\u00bb30&#8243;]<\/p>\n<h2>Municipios adheridos al A\u00f1o Jujol140<\/h2>\n<ul>\n<li>Bonastre<\/li>\n<li>Capellades<\/li>\n<li>Constant\u00ed<\/li>\n<li>Cornell\u00e0 de Llobregat<\/li>\n<li>Creixell<\/li>\n<li>Els Pallaresos<\/li>\n<li>El Vendrell<\/li>\n<li>La Canonja<\/li>\n<li>La Pobla de Claramunt<\/li>\n<li>La Secuita<\/li>\n<li>Montferri<\/li>\n<li>Roda de Ber\u00e0<\/li>\n<li>Santa Coloma de Cervell\u00f3<\/li>\n<li>Sant Joan Desp\u00ed<\/li>\n<li>Tarragona<\/li>\n<li>Vallmoll<\/li>\n<li>Vimbod\u00ed i Poblet<\/li>\n<\/ul>\n<p>[\/et_pb_text][\/et_pb_column][et_pb_column type=\u00bb1_2&#8243;][et_pb_text admin_label=\u00bb Institucions, organismes i empreses adherits a l&#8217;Any Jujol140 \u00bb _builder_version=\u00bb3.19.18&#8243; text_font=\u00bbLora||||||||\u00bb text_font_size=\u00bb18&#8243; text_line_height=\u00bb1.8em\u00bb background_layout=\u00bbdark\u00bb module_alignment=\u00bbcenter\u00bb custom_margin=\u00bb|||\u00bb animation_style=\u00bbslide\u00bb animation_direction=\u00bbtop\u00bb animation_intensity_slide=\u00bb5%\u00bb animation_starting_opacity=\u00bb100%\u00bb header_2_font_size=\u00bb30&#8243; link_text_color=\u00bb#ffffff\u00bb]<\/p>\n<h2>Instituciones, organismos y empresas adheridos al A\u00f1o Jujol140<\/h2>\n<ul>\n<li>Aguas de Barcelona<\/li>\n<li>Amics de N\u00faria<\/li>\n<li>Archivo Jujol<\/li>\n<li>Ateneu Barcelon\u00e8s<\/li>\n<li>Can Camprub\u00ed<\/li>\n<li>Casa Bofarull<\/li>\n<li>C\u00e1tedra Gaud\u00ed<\/li>\n<li>Catedral de Mallorca<\/li>\n<li>Cava Vives Ambr\u00f3s<\/li>\n<li>Club Gimn\u00e0stic de Tarragona<\/li>\n<li>Club d&#8217;Hoquei en l\u00ednia Jujol<\/li>\n<li>Colegio de Aparejadores, Arquitectos T\u00e9cnicos e Ingenieros de Edificaci\u00f3n de Barcelona<\/li>\n<li>Colegio Oficial de Arquitectos de Catalunya<\/li>\n<li>Col\u00f2nia G\u00fcell<\/li>\n<li>Comercios de Sant Joan Desp\u00ed (<a href=\"http:\/\/jujol140.cat\/llistat-comerc%cc%a7os-adherits-any-jujol\/\" target=\"_blank\" rel=\"noopener noreferrer\">consulta los comercios adheridos<\/a>)<\/li>\n<li>Consejo Comarcal del Baix Llobregat<\/li>\n<li>Consorcio de Turismo del Baix Llobregat<\/li>\n<li>Einsmer<\/li>\n<li>Escuela Josep Maria Jujol de Barcelona (antiguos Talleres Ma\u00f1ach)<\/li>\n<li>Fundaci\u00f3 Trencad\u00eds Modernisme i Cultura<\/li>\n<li>Gremi de Pagesos de Sant Isidre i Sant Lloren\u00e7 de Tarragona<\/li>\n<li>Museo Nacional de Arte de Catalunya<\/li>\n<li>Santa Maria del Pi<\/li>\n<li>Universidad Internacional de Catalunya<\/li>\n<li>Universidad Polit\u00e9cnica de Catalunya<\/li>\n<li>Vitralls Bonet<\/li>\n<li>48h Open House BCN<\/li>\n<\/ul>\n<p>[\/et_pb_text][\/et_pb_column][\/et_pb_row][\/et_pb_section][et_pb_section bb_built=\u00bb1&#8243; admin_label=\u00bbFeatures\u00bb module_id=\u00bbcreu\u00bb _builder_version=\u00bb3.6&#8243; background_color=\u00bb#ffffff\u00bb use_background_color_gradient=\u00bbon\u00bb background_color_gradient_start=\u00bb#ffffff\u00bb background_color_gradient_end=\u00bbrgba(255,255,255,0.07)\u00bb background_size=\u00bbinitial\u00bb background_position=\u00bbbottom_left\u00bb background_repeat=\u00bbrepeat-x\u00bb background_blend=\u00bboverlay\u00bb top_divider_height=\u00bb150px\u00bb top_divider_flip=\u00bbhorizontal\u00bb prev_background_color=\u00bb#003486&#8243; gutter_width=\u00bb2&#8243;][et_pb_row custom_padding=\u00bb|||\u00bb custom_margin=\u00bb|||\u00bb custom_padding_last_edited=\u00bboff|desktop\u00bb _builder_version=\u00bb3.5.1&#8243; animation_style=\u00bbfade\u00bb][et_pb_column type=\u00bb4_4&#8243;][et_pb_text admin_label=\u00bb Personalitats del mo\u0301n de l\u2019arquitectura i la cultura adherits a l&#8217;Any Jujol140&#8243; _builder_version=\u00bb3.19.4&#8243; text_font=\u00bbLora||||||||\u00bb text_font_size=\u00bb18&#8243; text_line_height=\u00bb1.8em\u00bb module_alignment=\u00bbcenter\u00bb custom_margin=\u00bb|||\u00bb animation_style=\u00bbslide\u00bb animation_direction=\u00bbtop\u00bb animation_intensity_slide=\u00bb5%\u00bb animation_starting_opacity=\u00bb100%\u00bb header_2_font_size=\u00bb30&#8243; module_id=\u00bbnegre\u00bb]<\/p>\n<h2>Personalidades del mundo de la arquitectura y la cultura adheridos al A\u00f1o Jujol140<\/h2>\n<div class=\"gmail_default\">\u200b<\/div>\n<ul>\n<li>Aleix Catas\u00fas, historiador del Arte y curador<\/li>\n<li>Bernat Puigdollers, historiador del Arte y curador<\/li>\n<li>Elisenda Bonet, arquitecta y directora del 48h Open House BCN<\/li>\n<li>Guillem Carab\u00ed, doctor arquitecto especialista en la obra de Jujol<\/li>\n<li>Joan Molet, profesor de la Universidad de Barcelona<\/li>\n<li>Josep Maria Buqueras, presidente fundador de la Fundaci\u00f3 Trencad\u00eds Modernisme i Cultura<\/li>\n<li>Josep Maria Jujol Jr, director del Archivo Jujol<\/li>\n<li>Luis Campo Vidal, productor del documental Jujol-Gaud\u00ed, dos genis de l\u2019arquitectura<\/li>\n<li>Pilar\u00edn Bay\u00e9s, dibujante<\/li>\n<li>Rosa Creixell, historiadora del Arte y profesora de la Universidad de Barcelona<\/li>\n<li>Sergio Fuentes, arquitecto y profesor de la Universidad Internacional de Catalunya<\/li>\n<li>Toshiaki Tange, arquitecto, fue presidente del Centre d\u2019Estudis Gaudinistes<\/li>\n<\/ul>\n<p>&nbsp;<\/p>\n<p>&nbsp;<\/p>\n<p>[\/et_pb_text][\/et_pb_column][\/et_pb_row][\/et_pb_section]<\/p>\n","protected":false},"excerpt":{"rendered":"<p><div class=\"et_pb_row et_pb_row_0 et_pb_row_empty\">\n\t\t\t\t\n\t\t\t\t\n\t\t\t\t\n\t\t\t\t\n\t\t\t\t\n\t\t\t<\/div> Adhesiones al A\u00f1o Jujol140 El A\u00f1o Jujol140 ha sumado la complicidad de municipios con obra de Jujol, instituciones, entidades, organismos y personalidades del mundo de la arquitectura y de la cultura. Municipios adheridos al A\u00f1o Jujol140 Bonastre Capellades Constant\u00ed Cornell\u00e0 de Llobregat Creixell Els Pallaresos El Vendrell La Canonja La Pobla de Claramunt La [&hellip;]<\/p>\n","protected":false},"author":1,"featured_media":0,"parent":0,"menu_order":0,"comment_status":"closed","ping_status":"closed","template":"","meta":{"_et_pb_use_builder":"on","_et_pb_old_content":"","_et_gb_content_width":"","footnotes":""},"class_list":["post-510","page","type-page","status-publish","hentry"],"yoast_head":"<!-- This site is optimized with the Yoast SEO plugin v27.4 - https:\/\/yoast.com\/product\/yoast-seo-wordpress\/ -->\n<title>Adhesiones - Jujol 140<\/title>\n<meta name=\"robots\" content=\"index, follow, max-snippet:-1, max-image-preview:large, max-video-preview:-1\" \/>\n<link rel=\"canonical\" href=\"https:\/\/jujol140.cat\/es\/adhesiones\/\" \/>\n<meta property=\"og:locale\" content=\"es_ES\" \/>\n<meta property=\"og:type\" content=\"article\" \/>\n<meta property=\"og:title\" content=\"Adhesiones - Jujol 140\" \/>\n<meta property=\"og:description\" content=\"Adhesiones al A\u00f1o Jujol140 El A\u00f1o Jujol140 ha sumado la complicidad de municipios con obra de Jujol, instituciones, entidades, organismos y personalidades del mundo de la arquitectura y de la cultura. Municipios adheridos al A\u00f1o Jujol140 Bonastre Capellades Constant\u00ed Cornell\u00e0 de Llobregat Creixell Els Pallaresos El Vendrell La Canonja La Pobla de Claramunt La [&hellip;]\" \/>\n<meta property=\"og:url\" content=\"https:\/\/jujol140.cat\/es\/adhesiones\/\" \/>\n<meta property=\"og:site_name\" content=\"Jujol 140\" \/>\n<meta property=\"article:modified_time\" content=\"2019-03-19T09:36:23+00:00\" \/>\n<meta name=\"twitter:card\" content=\"summary_large_image\" \/>\n<meta name=\"twitter:label1\" content=\"Tiempo de lectura\" \/>\n\t<meta name=\"twitter:data1\" content=\"4 minutos\" \/>\n<script type=\"application\/ld+json\" class=\"yoast-schema-graph\">{\"@context\":\"https:\\\/\\\/schema.org\",\"@graph\":[{\"@type\":\"WebPage\",\"@id\":\"https:\\\/\\\/jujol140.cat\\\/es\\\/adhesiones\\\/\",\"url\":\"https:\\\/\\\/jujol140.cat\\\/es\\\/adhesiones\\\/\",\"name\":\"Adhesiones - Jujol 140\",\"isPartOf\":{\"@id\":\"https:\\\/\\\/jujol140.cat\\\/#website\"},\"datePublished\":\"2018-06-18T08:06:44+00:00\",\"dateModified\":\"2019-03-19T09:36:23+00:00\",\"breadcrumb\":{\"@id\":\"https:\\\/\\\/jujol140.cat\\\/es\\\/adhesiones\\\/#breadcrumb\"},\"inLanguage\":\"es\",\"potentialAction\":[{\"@type\":\"ReadAction\",\"target\":[\"https:\\\/\\\/jujol140.cat\\\/es\\\/adhesiones\\\/\"]}]},{\"@type\":\"BreadcrumbList\",\"@id\":\"https:\\\/\\\/jujol140.cat\\\/es\\\/adhesiones\\\/#breadcrumb\",\"itemListElement\":[{\"@type\":\"ListItem\",\"position\":1,\"name\":\"Portada\",\"item\":\"https:\\\/\\\/jujol140.cat\\\/es\\\/\"},{\"@type\":\"ListItem\",\"position\":2,\"name\":\"Adhesiones\"}]},{\"@type\":\"WebSite\",\"@id\":\"https:\\\/\\\/jujol140.cat\\\/#website\",\"url\":\"https:\\\/\\\/jujol140.cat\\\/\",\"name\":\"Jujol 140\",\"description\":\"Moviment art\u00edstic, cultural i social per difondre la figura de Josep Maria Jujol\",\"potentialAction\":[{\"@type\":\"SearchAction\",\"target\":{\"@type\":\"EntryPoint\",\"urlTemplate\":\"https:\\\/\\\/jujol140.cat\\\/?s={search_term_string}\"},\"query-input\":{\"@type\":\"PropertyValueSpecification\",\"valueRequired\":true,\"valueName\":\"search_term_string\"}}],\"inLanguage\":\"es\"}]}<\/script>\n<!-- \/ Yoast SEO plugin. -->","yoast_head_json":{"title":"Adhesiones - Jujol 140","robots":{"index":"index","follow":"follow","max-snippet":"max-snippet:-1","max-image-preview":"max-image-preview:large","max-video-preview":"max-video-preview:-1"},"canonical":"https:\/\/jujol140.cat\/es\/adhesiones\/","og_locale":"es_ES","og_type":"article","og_title":"Adhesiones - Jujol 140","og_description":"Adhesiones al A\u00f1o Jujol140 El A\u00f1o Jujol140 ha sumado la complicidad de municipios con obra de Jujol, instituciones, entidades, organismos y personalidades del mundo de la arquitectura y de la cultura. Municipios adheridos al A\u00f1o Jujol140 Bonastre Capellades Constant\u00ed Cornell\u00e0 de Llobregat Creixell Els Pallaresos El Vendrell La Canonja La Pobla de Claramunt La [&hellip;]","og_url":"https:\/\/jujol140.cat\/es\/adhesiones\/","og_site_name":"Jujol 140","article_modified_time":"2019-03-19T09:36:23+00:00","twitter_card":"summary_large_image","twitter_misc":{"Tiempo de lectura":"4 minutos"},"schema":{"@context":"https:\/\/schema.org","@graph":[{"@type":"WebPage","@id":"https:\/\/jujol140.cat\/es\/adhesiones\/","url":"https:\/\/jujol140.cat\/es\/adhesiones\/","name":"Adhesiones - Jujol 140","isPartOf":{"@id":"https:\/\/jujol140.cat\/#website"},"datePublished":"2018-06-18T08:06:44+00:00","dateModified":"2019-03-19T09:36:23+00:00","breadcrumb":{"@id":"https:\/\/jujol140.cat\/es\/adhesiones\/#breadcrumb"},"inLanguage":"es","potentialAction":[{"@type":"ReadAction","target":["https:\/\/jujol140.cat\/es\/adhesiones\/"]}]},{"@type":"BreadcrumbList","@id":"https:\/\/jujol140.cat\/es\/adhesiones\/#breadcrumb","itemListElement":[{"@type":"ListItem","position":1,"name":"Portada","item":"https:\/\/jujol140.cat\/es\/"},{"@type":"ListItem","position":2,"name":"Adhesiones"}]},{"@type":"WebSite","@id":"https:\/\/jujol140.cat\/#website","url":"https:\/\/jujol140.cat\/","name":"Jujol 140","description":"Moviment art\u00edstic, cultural i social per difondre la figura de Josep Maria Jujol","potentialAction":[{"@type":"SearchAction","target":{"@type":"EntryPoint","urlTemplate":"https:\/\/jujol140.cat\/?s={search_term_string}"},"query-input":{"@type":"PropertyValueSpecification","valueRequired":true,"valueName":"search_term_string"}}],"inLanguage":"es"}]}},"_links":{"self":[{"href":"https:\/\/jujol140.cat\/es\/wp-json\/wp\/v2\/pages\/510","targetHints":{"allow":["GET"]}}],"collection":[{"href":"https:\/\/jujol140.cat\/es\/wp-json\/wp\/v2\/pages"}],"about":[{"href":"https:\/\/jujol140.cat\/es\/wp-json\/wp\/v2\/types\/page"}],"author":[{"embeddable":true,"href":"https:\/\/jujol140.cat\/es\/wp-json\/wp\/v2\/users\/1"}],"replies":[{"embeddable":true,"href":"https:\/\/jujol140.cat\/es\/wp-json\/wp\/v2\/comments?post=510"}],"version-history":[{"count":5,"href":"https:\/\/jujol140.cat\/es\/wp-json\/wp\/v2\/pages\/510\/revisions"}],"predecessor-version":[{"id":1927,"href":"https:\/\/jujol140.cat\/es\/wp-json\/wp\/v2\/pages\/510\/revisions\/1927"}],"wp:attachment":[{"href":"https:\/\/jujol140.cat\/es\/wp-json\/wp\/v2\/media?parent=510"}],"curies":[{"name":"wp","href":"https:\/\/api.w.org\/{rel}","templated":true}]}}