{"id":506,"date":"2018-06-15T11:25:01","date_gmt":"2018-06-15T11:25:01","guid":{"rendered":"http:\/\/jujol140.cat\/presentacio\/"},"modified":"2018-07-03T10:49:10","modified_gmt":"2018-07-03T10:49:10","slug":"presentacion","status":"publish","type":"page","link":"https:\/\/jujol140.cat\/es\/presentacion\/","title":{"rendered":"Presentaci\u00f3n"},"content":{"rendered":"<p>[et_pb_section bb_built=\u00bb1&#8243; next_background_color=\u00bb#003486&#8243; _builder_version=\u00bb3.6&#8243; background_image=\u00bbhttp:\/\/jujol140.cat\/wp-content\/uploads\/2018\/06\/cannegre-2.png\u00bb background_position=\u00bbbottom_center\u00bb custom_padding=\u00bb||100px|\u00bb bottom_divider_style=\u00bbwave2&#8243;][et_pb_row _builder_version=\u00bb3.0.48&#8243; background_size=\u00bbinitial\u00bb background_position=\u00bbtop_left\u00bb background_repeat=\u00bbrepeat\u00bb][et_pb_column type=\u00bb4_4&#8243;][et_pb_text _builder_version=\u00bb3.9&#8243; header_font=\u00bbCinzel||||||||\u00bb header_font_size=\u00bb50&#8243; header_font_size_phone=\u00bb30&#8243; header_font_size_last_edited=\u00bbon|phone\u00bb]<\/p>\n<h1 class=\"et_pb_module_header\">Presentaci\u00f3n<\/h1>\n<p>[\/et_pb_text][et_pb_text _builder_version=\u00bb3.9&#8243; text_text_color=\u00bb#000000&#8243; text_font_size=\u00bb16&#8243; text_orientation=\u00bbjustified\u00bb]<\/p>\n<p>El <strong>A\u00f1o Jujol140 es un movimiento art\u00edstico, cultural y social<\/strong> para difundir la figura de Jujol, <strong>coincidiendo con el 140 aniversario del nacimiento de Josep Maria Jujol<\/strong>, un arquitecto referente del modernismo catal\u00e1n y autor de joyas arquitect\u00f3nicas como Can Negre o la Torre de la Creu, en Sant Joan Desp\u00ed, o el Teatro Metropol, en Tarragona.<\/p>\n<blockquote>\n<h3>El A\u00f1o Jujol140 es un movimiento art\u00edstico, cultural y social para difundir la figura de Jujol<\/h3>\n<\/blockquote>\n<p>Aunque el genio creativo y el extraordinario legado art\u00edstico de Josep Maria Jujol, su figura todav\u00eda no es suficientemente reconocida. La celebraci\u00f3n del A\u00f1o Jujol140 est\u00e1 impulsada por el Ayuntamiento de Sant Joan Desp\u00ed, municipio que acoge uno de los legados m\u00e1s importantes de la arquitectura de Jujol. El evento quiere contribuir a la difusi\u00f3n de la obra de Jujol y el reconocimiento cient\u00edfico internacional de una figura \u00fanica del Modernismo.<\/p>\n<p>El A\u00f1o Jujol140 arranca en junio de 2018 y se prolongar\u00e1 hasta septiembre de 2019, cuando se cumplir\u00e1n los 140 a\u00f1os del nacimiento de Jujol. Durante el A\u00f1o Jujol140 organizar\u00e1n actividades culturales, l\u00fadicas, comerciales, tur\u00edsticas, patrimoniales, promocionales, sociales y ciudadanas, en Sant Joan Desp\u00ed, ciudad que promueve el evento, y tambi\u00e9n a otros municipios vinculados a la figura de Josep Maria Jujol y a su legado arquitect\u00f3nico.<\/p>\n<p>&nbsp;<\/p>\n<p>[\/et_pb_text][\/et_pb_column][\/et_pb_row][\/et_pb_section][et_pb_section bb_built=\u00bb1&#8243; admin_label=\u00bbFeatures\u00bb module_id=\u00bbartista-total\u00bb _builder_version=\u00bb3.7&#8243; background_color=\u00bb#003486&#8243; use_background_color_gradient=\u00bbon\u00bb background_color_gradient_start=\u00bb#003486&#8243; background_color_gradient_end=\u00bbrgba(255,255,255,0.07)\u00bb background_size=\u00bbinitial\u00bb background_position=\u00bbbottom_left\u00bb top_divider_height=\u00bb150px\u00bb top_divider_flip=\u00bbhorizontal\u00bb locked=\u00bboff\u00bb prev_background_color=\u00bb#ffffff\u00bb background_image=\u00bbhttp:\/\/jujol140.cat\/wp-content\/uploads\/2018\/06\/jujol-signatura-blanca.png\u00bb gutter_width=\u00bb2&#8243;][et_pb_row custom_padding=\u00bb|||\u00bb custom_margin=\u00bb|||\u00bb custom_padding_last_edited=\u00bboff|desktop\u00bb _builder_version=\u00bb3.7&#8243; animation_style=\u00bbfade\u00bb gutter_width=\u00bb2&#8243; disabled=\u00bbon\u00bb disabled_on=\u00bbon|on|on\u00bb][et_pb_column type=\u00bb4_4&#8243;][et_pb_text _builder_version=\u00bb3.6&#8243; header_line_height=\u00bb0em\u00bb header_2_font=\u00bbQuattrocento||||||||\u00bb header_2_text_align=\u00bbcenter\u00bb header_2_font_size=\u00bb46px\u00bb header_2_line_height=\u00bb1.3em\u00bb background_layout=\u00bbdark\u00bb max_width=\u00bb700px\u00bb module_alignment=\u00bbcenter\u00bb custom_margin=\u00bb|||\u00bb animation_style=\u00bbslide\u00bb animation_direction=\u00bbtop\u00bb animation_intensity_slide=\u00bb5%\u00bb animation_starting_opacity=\u00bb100%\u00bb]<\/p>\n<h2>Biografia<\/h2>\n<p>[\/et_pb_text][et_pb_text _builder_version=\u00bb3.6&#8243; text_font=\u00bbQuattrocento||||||||\u00bb text_font_size=\u00bb20&#8243; text_line_height=\u00bb1.8em\u00bb text_orientation=\u00bbcenter\u00bb background_layout=\u00bbdark\u00bb module_alignment=\u00bbcenter\u00bb custom_margin=\u00bb|||\u00bb animation_style=\u00bbslide\u00bb animation_direction=\u00bbtop\u00bb animation_intensity_slide=\u00bb5%\u00bb animation_starting_opacity=\u00bb100%\u00bb]<\/p>\n<p><strong>Josep Maria Jujol<\/strong> va n\u00e9ixer a Tarragona el 16 de setembre de 1879. El 1888 es va traslladar a viure a Barcelona amb la seva fam\u00edlia i el 1897 va iniciar els estudis a l&#8217;Escola d&#8217;Arquitectura, que va concloure el 1906. Amb 22 anys va entrar a treballar al taller de l&#8217;arquitecte Antoni Maria Galliss\u00e0 i posteriorment tamb\u00e9 va col\u00b7laborar amb els arquitectes Josep Font i Gum\u00e0 i Antoni Gaud\u00ed. Va ser catedr\u00e0tic de l&#8217;Escola d&#8217;Arquitectura de Barcelona i arquitecte municipal de Sant Joan Desp\u00ed des de 1926. Va morir a Barcelona l&#8217;1 de maig de 1949.<\/p>\n<p>[\/et_pb_text][\/et_pb_column][\/et_pb_row][et_pb_row][et_pb_column type=\u00bb1_3&#8243;][et_pb_text _builder_version=\u00bb3.8&#8243; background_layout=\u00bbdark\u00bb header_2_font_size=\u00bb80&#8243; header_2_font_size_last_edited=\u00bbon|\u00bb disabled=\u00bboff\u00bb disabled_on=\u00bbon||\u00bb header_2_font=\u00bbCinzel||||||||\u00bb]<\/p>\n<h2>Josep Maria <strong>Jujol<\/strong><\/h2>\n<p>&nbsp;<\/p>\n<p>[\/et_pb_text][\/et_pb_column][et_pb_column type=\u00bb2_3&#8243;][et_pb_image _builder_version=\u00bb3.8&#8243; src=\u00bbhttp:\/\/jujol140.cat\/wp-content\/uploads\/2018\/06\/JUJOL-retrat.jpg\u00bb show_in_lightbox=\u00bbon\u00bb animation_style=\u00bbzoom\u00bb \/][\/et_pb_column][\/et_pb_row][\/et_pb_section]<\/p>\n","protected":false},"excerpt":{"rendered":"<p>Presentaci\u00f3n El A\u00f1o Jujol140 es un movimiento art\u00edstico, cultural y social para difundir la figura de Jujol, coincidiendo con el 140 aniversario del nacimiento de Josep Maria Jujol, un arquitecto referente del modernismo catal\u00e1n y autor de joyas arquitect\u00f3nicas como Can Negre o la Torre de la Creu, en Sant Joan Desp\u00ed, o el Teatro [&hellip;]<\/p>\n","protected":false},"author":1,"featured_media":0,"parent":0,"menu_order":0,"comment_status":"closed","ping_status":"closed","template":"","meta":{"_et_pb_use_builder":"on","_et_pb_old_content":"","_et_gb_content_width":"","footnotes":""},"class_list":["post-506","page","type-page","status-publish","hentry"],"yoast_head":"<!-- This site is optimized with the Yoast SEO plugin v27.4 - https:\/\/yoast.com\/product\/yoast-seo-wordpress\/ -->\n<title>Presentaci\u00f3n - Jujol 140<\/title>\n<meta name=\"robots\" content=\"index, follow, max-snippet:-1, max-image-preview:large, max-video-preview:-1\" \/>\n<link rel=\"canonical\" href=\"https:\/\/jujol140.cat\/es\/presentacion\/\" \/>\n<meta property=\"og:locale\" content=\"es_ES\" \/>\n<meta property=\"og:type\" content=\"article\" \/>\n<meta property=\"og:title\" content=\"Presentaci\u00f3n - Jujol 140\" \/>\n<meta property=\"og:description\" content=\"Presentaci\u00f3n El A\u00f1o Jujol140 es un movimiento art\u00edstico, cultural y social para difundir la figura de Jujol, coincidiendo con el 140 aniversario del nacimiento de Josep Maria Jujol, un arquitecto referente del modernismo catal\u00e1n y autor de joyas arquitect\u00f3nicas como Can Negre o la Torre de la Creu, en Sant Joan Desp\u00ed, o el Teatro [&hellip;]\" \/>\n<meta property=\"og:url\" content=\"https:\/\/jujol140.cat\/es\/presentacion\/\" \/>\n<meta property=\"og:site_name\" content=\"Jujol 140\" \/>\n<meta property=\"article:modified_time\" content=\"2018-07-03T10:49:10+00:00\" \/>\n<meta name=\"twitter:card\" content=\"summary_large_image\" \/>\n<meta name=\"twitter:label1\" content=\"Tiempo de lectura\" \/>\n\t<meta name=\"twitter:data1\" content=\"3 minutos\" \/>\n<script type=\"application\/ld+json\" class=\"yoast-schema-graph\">{\"@context\":\"https:\\\/\\\/schema.org\",\"@graph\":[{\"@type\":\"WebPage\",\"@id\":\"https:\\\/\\\/jujol140.cat\\\/es\\\/presentacion\\\/\",\"url\":\"https:\\\/\\\/jujol140.cat\\\/es\\\/presentacion\\\/\",\"name\":\"Presentaci\u00f3n - Jujol 140\",\"isPartOf\":{\"@id\":\"https:\\\/\\\/jujol140.cat\\\/#website\"},\"datePublished\":\"2018-06-15T11:25:01+00:00\",\"dateModified\":\"2018-07-03T10:49:10+00:00\",\"breadcrumb\":{\"@id\":\"https:\\\/\\\/jujol140.cat\\\/es\\\/presentacion\\\/#breadcrumb\"},\"inLanguage\":\"es\",\"potentialAction\":[{\"@type\":\"ReadAction\",\"target\":[\"https:\\\/\\\/jujol140.cat\\\/es\\\/presentacion\\\/\"]}]},{\"@type\":\"BreadcrumbList\",\"@id\":\"https:\\\/\\\/jujol140.cat\\\/es\\\/presentacion\\\/#breadcrumb\",\"itemListElement\":[{\"@type\":\"ListItem\",\"position\":1,\"name\":\"Portada\",\"item\":\"https:\\\/\\\/jujol140.cat\\\/es\\\/\"},{\"@type\":\"ListItem\",\"position\":2,\"name\":\"Presentaci\u00f3n\"}]},{\"@type\":\"WebSite\",\"@id\":\"https:\\\/\\\/jujol140.cat\\\/#website\",\"url\":\"https:\\\/\\\/jujol140.cat\\\/\",\"name\":\"Jujol 140\",\"description\":\"Moviment art\u00edstic, cultural i social per difondre la figura de Josep Maria Jujol\",\"potentialAction\":[{\"@type\":\"SearchAction\",\"target\":{\"@type\":\"EntryPoint\",\"urlTemplate\":\"https:\\\/\\\/jujol140.cat\\\/?s={search_term_string}\"},\"query-input\":{\"@type\":\"PropertyValueSpecification\",\"valueRequired\":true,\"valueName\":\"search_term_string\"}}],\"inLanguage\":\"es\"}]}<\/script>\n<!-- \/ Yoast SEO plugin. -->","yoast_head_json":{"title":"Presentaci\u00f3n - Jujol 140","robots":{"index":"index","follow":"follow","max-snippet":"max-snippet:-1","max-image-preview":"max-image-preview:large","max-video-preview":"max-video-preview:-1"},"canonical":"https:\/\/jujol140.cat\/es\/presentacion\/","og_locale":"es_ES","og_type":"article","og_title":"Presentaci\u00f3n - Jujol 140","og_description":"Presentaci\u00f3n El A\u00f1o Jujol140 es un movimiento art\u00edstico, cultural y social para difundir la figura de Jujol, coincidiendo con el 140 aniversario del nacimiento de Josep Maria Jujol, un arquitecto referente del modernismo catal\u00e1n y autor de joyas arquitect\u00f3nicas como Can Negre o la Torre de la Creu, en Sant Joan Desp\u00ed, o el Teatro [&hellip;]","og_url":"https:\/\/jujol140.cat\/es\/presentacion\/","og_site_name":"Jujol 140","article_modified_time":"2018-07-03T10:49:10+00:00","twitter_card":"summary_large_image","twitter_misc":{"Tiempo de lectura":"3 minutos"},"schema":{"@context":"https:\/\/schema.org","@graph":[{"@type":"WebPage","@id":"https:\/\/jujol140.cat\/es\/presentacion\/","url":"https:\/\/jujol140.cat\/es\/presentacion\/","name":"Presentaci\u00f3n - Jujol 140","isPartOf":{"@id":"https:\/\/jujol140.cat\/#website"},"datePublished":"2018-06-15T11:25:01+00:00","dateModified":"2018-07-03T10:49:10+00:00","breadcrumb":{"@id":"https:\/\/jujol140.cat\/es\/presentacion\/#breadcrumb"},"inLanguage":"es","potentialAction":[{"@type":"ReadAction","target":["https:\/\/jujol140.cat\/es\/presentacion\/"]}]},{"@type":"BreadcrumbList","@id":"https:\/\/jujol140.cat\/es\/presentacion\/#breadcrumb","itemListElement":[{"@type":"ListItem","position":1,"name":"Portada","item":"https:\/\/jujol140.cat\/es\/"},{"@type":"ListItem","position":2,"name":"Presentaci\u00f3n"}]},{"@type":"WebSite","@id":"https:\/\/jujol140.cat\/#website","url":"https:\/\/jujol140.cat\/","name":"Jujol 140","description":"Moviment art\u00edstic, cultural i social per difondre la figura de Josep Maria Jujol","potentialAction":[{"@type":"SearchAction","target":{"@type":"EntryPoint","urlTemplate":"https:\/\/jujol140.cat\/?s={search_term_string}"},"query-input":{"@type":"PropertyValueSpecification","valueRequired":true,"valueName":"search_term_string"}}],"inLanguage":"es"}]}},"_links":{"self":[{"href":"https:\/\/jujol140.cat\/es\/wp-json\/wp\/v2\/pages\/506","targetHints":{"allow":["GET"]}}],"collection":[{"href":"https:\/\/jujol140.cat\/es\/wp-json\/wp\/v2\/pages"}],"about":[{"href":"https:\/\/jujol140.cat\/es\/wp-json\/wp\/v2\/types\/page"}],"author":[{"embeddable":true,"href":"https:\/\/jujol140.cat\/es\/wp-json\/wp\/v2\/users\/1"}],"replies":[{"embeddable":true,"href":"https:\/\/jujol140.cat\/es\/wp-json\/wp\/v2\/comments?post=506"}],"version-history":[{"count":3,"href":"https:\/\/jujol140.cat\/es\/wp-json\/wp\/v2\/pages\/506\/revisions"}],"predecessor-version":[{"id":598,"href":"https:\/\/jujol140.cat\/es\/wp-json\/wp\/v2\/pages\/506\/revisions\/598"}],"wp:attachment":[{"href":"https:\/\/jujol140.cat\/es\/wp-json\/wp\/v2\/media?parent=506"}],"curies":[{"name":"wp","href":"https:\/\/api.w.org\/{rel}","templated":true}]}}