{"id":662,"date":"2018-06-11T14:13:36","date_gmt":"2018-06-11T14:13:36","guid":{"rendered":"http:\/\/jujol140.cat\/jujol-a-catalunya\/"},"modified":"2018-07-06T11:44:07","modified_gmt":"2018-07-06T11:44:07","slug":"jujol-in-catalunya","status":"publish","type":"page","link":"https:\/\/jujol140.cat\/en\/jujol-in-catalunya\/","title":{"rendered":"Jujol in Catalunya"},"content":{"rendered":"<p>[et_pb_section bb_built=&#8221;1&#8243; specialty=&#8221;off&#8221; next_background_color=&#8221;#003486&#8243; _builder_version=&#8221;3.6&#8243; background_image=&#8221;http:\/\/jujol140.cat\/wp-content\/uploads\/2018\/06\/cannegre-2.png&#8221; gutter_width=&#8221;2&#8243; bottom_divider_style=&#8221;wave2&#8243; custom_padding=&#8221;||100px|&#8221; background_position=&#8221;bottom_center&#8221;][et_pb_row][et_pb_column type=&#8221;4_4&#8243;][et_pb_text _builder_version=&#8221;3.9&#8243; header_font=&#8221;Cinzel||||||||&#8221; header_font_size=&#8221;50&#8243; header_font_size_phone=&#8221;30&#8243; header_font_size_last_edited=&#8221;on|phone&#8221;]<\/p>\n<h1 class=\"et_pb_module_header\">Jujol in\u00a0<strong>Catalunya<\/strong><\/h1>\n<p>[\/et_pb_text][et_pb_text _builder_version=&#8221;3.9&#8243; text_orientation=&#8221;justified&#8221; text_text_color=&#8221;#000000&#8243; text_font_size=&#8221;16&#8243;]<\/p>\n<p>Josep Maria Jujol worked in numerous Catalan towns. The first building designed by Jujol alone was a neighbors house in the neighbourhood of Poble Sec (Barcelona). One year later he began his first assignment in Tarragona, the \u201cTeatre del Patronat Obrer\u201d, now the \u201cTeatre Metropol\u201d. Jujol had an intense production, with a wide variety of works, among which the following stand out:<\/p>\n<p>[\/et_pb_text][\/et_pb_column][\/et_pb_row][\/et_pb_section][et_pb_section bb_built=&#8221;1&#8243; admin_label=&#8221;Features&#8221; module_id=&#8221;creu&#8221; _builder_version=&#8221;3.6&#8243; background_color=&#8221;#003486&#8243; use_background_color_gradient=&#8221;on&#8221; background_color_gradient_start=&#8221;#003486&#8243; background_color_gradient_end=&#8221;rgba(255,255,255,0.07)&#8221; background_size=&#8221;initial&#8221; background_position=&#8221;bottom_left&#8221; background_repeat=&#8221;repeat-x&#8221; background_blend=&#8221;overlay&#8221; top_divider_height=&#8221;150px&#8221; top_divider_flip=&#8221;horizontal&#8221; locked=&#8221;off&#8221; prev_background_color=&#8221;#ffffff&#8221; gutter_width=&#8221;2&#8243; next_background_color=&#8221;#ffffff&#8221;][et_pb_row custom_padding=&#8221;|||&#8221; custom_margin=&#8221;|||&#8221; custom_padding_last_edited=&#8221;off|desktop&#8221; _builder_version=&#8221;3.5.1&#8243; animation_style=&#8221;fade&#8221;][et_pb_column type=&#8221;1_2&#8243;][et_pb_text admin_label=&#8221;Jujol a Catalunya&#8221; _builder_version=&#8221;3.9&#8243; text_font=&#8221;Lora||||||||&#8221; text_font_size=&#8221;18&#8243; text_line_height=&#8221;1.8em&#8221; background_layout=&#8221;dark&#8221; module_alignment=&#8221;center&#8221; custom_margin=&#8221;|||&#8221; animation_style=&#8221;slide&#8221; animation_direction=&#8221;top&#8221; animation_intensity_slide=&#8221;5%&#8221; animation_starting_opacity=&#8221;100%&#8221; header_2_font_size=&#8221;30&#8243;]<\/p>\n<p>1908 \u00a0\u00a0 Teatre Metropol (Tarragona)<\/p>\n<p>1909 \u00a0\u00a0 Torre Sansalvador (Barcelona)<\/p>\n<p>1911 \u00a0\u00a0 Botiga Ma\u00f1ach (Barcelona)<\/p>\n<p>1913 \u00a0\u00a0 Reformes a l&#8217;esgl\u00e9sia de Constant\u00ed (Tarragon\u00e8s)<\/p>\n<p>1914 \u00a0\u00a0 Casa Ximenis (Tarragona)<\/p>\n<p>1914 \u00a0\u00a0 Reforma de la Casa Bofarull als Pallaresos (Tarragon\u00e8s)<\/p>\n<p>1917 \u00a0\u00a0 Ampliaci\u00f3 Casa Xatruc a la Canonja (Tarragon\u00e8s)<\/p>\n<p>1917 \u00a0\u00a0 Campanar de l&#8217;esgl\u00e9sia de Creixell (Tarragon\u00e8s)<\/p>\n<p>1918 \u00a0\u00a0 Esgl\u00e9sia de Vistabella a la Secuita (Tarragon\u00e8s)<\/p>\n<p>1919 \u00a0\u00a0 Cambril del Carme (Tarragona)<\/p>\n<p>1923 \u00a0\u00a0 Casa Planells (Barcelona)<\/p>\n<p>[\/et_pb_text][\/et_pb_column][et_pb_column type=&#8221;1_2&#8243;][et_pb_text admin_label=&#8221;Jujol a Catalunya&#8221; _builder_version=&#8221;3.6&#8243; text_font=&#8221;Lora||||||||&#8221; text_font_size=&#8221;18&#8243; text_line_height=&#8221;1.8em&#8221; background_layout=&#8221;dark&#8221; module_alignment=&#8221;center&#8221; custom_margin=&#8221;|||&#8221; animation_style=&#8221;slide&#8221; animation_direction=&#8221;top&#8221; animation_intensity_slide=&#8221;5%&#8221; animation_starting_opacity=&#8221;100%&#8221; header_2_font_size=&#8221;30&#8243;]<\/p>\n<p>1925 \u00a0\u00a0 Treballs de decoraci\u00f3 per a l&#8217;ermita del Roser a Vallmoll (Alt Camp)<\/p>\n<p>1926 \u00a0\u00a0 Santuari de Montserrat a Montferri (Alt Camp)<\/p>\n<p>1928 \u00a0\u00a0 Casa Camprub\u00ed a Cornell\u00e0 de Llobregat (Baix Llobregat)<\/p>\n<p>1935 \u00a0\u00a0 Treballs per a l&#8217;esgl\u00e9sia de Roda de Ber\u00e0 (Tarragon\u00e8s)<\/p>\n<p>1935 \u00a0\u00a0 Treballs de decoraci\u00f3 per al Mas Carreras a Roda de Ber\u00e0 (Tarragon\u00e8s)<\/p>\n<p>1941 \u00a0\u00a0 Treballs a l&#8217;esgl\u00e9sia del Vendrell(Baix Pened\u00e8s)<\/p>\n<p>1941 \u00a0\u00a0 Treballs a l&#8217;esgl\u00e9sia de Vimbod\u00ed (Conca de Barber\u00e0)<\/p>\n<p>1945 \u00a0\u00a0 Reformes per a l&#8217;esgl\u00e9sia de Capellades<\/p>\n<p>1945 \u00a0\u00a0 Reformes per a l&#8217;esgl\u00e9sia de la Pobla de Claramunt<\/p>\n<p>[\/et_pb_text][\/et_pb_column][\/et_pb_row][\/et_pb_section][et_pb_section bb_built=&#8221;1&#8243; admin_label=&#8221;Features&#8221; module_id=&#8221;creu&#8221; _builder_version=&#8221;3.7&#8243; background_color=&#8221;#ffffff&#8221; use_background_color_gradient=&#8221;on&#8221; background_color_gradient_start=&#8221;#ffffff&#8221; background_color_gradient_end=&#8221;rgba(255,255,255,0.07)&#8221; background_size=&#8221;initial&#8221; background_position=&#8221;bottom_left&#8221; background_repeat=&#8221;repeat-x&#8221; background_blend=&#8221;overlay&#8221; top_divider_height=&#8221;150px&#8221; top_divider_flip=&#8221;horizontal&#8221; prev_background_color=&#8221;#003486&#8243; gutter_width=&#8221;2&#8243; disabled=&#8221;on&#8221; disabled_on=&#8221;on|on|on&#8221;][et_pb_row custom_padding=&#8221;|||&#8221; custom_margin=&#8221;|||&#8221; custom_padding_last_edited=&#8221;off|desktop&#8221; _builder_version=&#8221;3.5.1&#8243; animation_style=&#8221;fade&#8221;][et_pb_column type=&#8221;1_2&#8243;][et_pb_text admin_label=&#8221;Adhesions&#8221; _builder_version=&#8221;3.6&#8243; text_font=&#8221;Lora||||||||&#8221; text_font_size=&#8221;18&#8243; text_line_height=&#8221;1.8em&#8221; module_alignment=&#8221;center&#8221; custom_margin=&#8221;|||&#8221; animation_style=&#8221;slide&#8221; animation_direction=&#8221;top&#8221; animation_intensity_slide=&#8221;5%&#8221; animation_starting_opacity=&#8221;100%&#8221; header_2_font_size=&#8221;30&#8243; module_id=&#8221;negre&#8221; header_2_font=&#8221;Quattrocento||||||||&#8221;]<\/p>\n<h2>Adhesions<\/h2>\n<p>L&#8217;Any Jujol140 ha sumat la complicitat de municipis amb obra de Jujol, institucions, entitats, organismes i personalitats del m\u00f3n de l&#8217;arquitectura i de la cultura.<\/p>\n<p>[\/et_pb_text][et_pb_text _builder_version=&#8221;3.6&#8243; header_4_font=&#8221;Quattrocento||||||||&#8221;]<\/p>\n<h4>Municipis adherits a l&#8217;Any Jujol140<\/h4>\n<ul>\n<li>Sant Joan Desp\u00ed<\/li>\n<li>Tarragona<\/li>\n<li>Constanti\u00ed<\/li>\n<li>Els Pallaresos<\/li>\n<li>La Secuita<\/li>\n<li>Creixell<\/li>\n<li>La Canonja<\/li>\n<li>Vallmoll<\/li>\n<li>Montferri<\/li>\n<li>Roda de Ber\u00e0<\/li>\n<li>El Vendrell<\/li>\n<li>Vimbod\u00ed<\/li>\n<li>Cornella\u00e0 de Llobregat<\/li>\n<li>La Pobla de Claramunt<\/li>\n<li>Capellades<\/li>\n<\/ul>\n<p>[\/et_pb_text][\/et_pb_column][et_pb_column type=&#8221;1_2&#8243;][et_pb_text admin_label=&#8221;Institucions, organismes i empreses adherits a l&#8217;Any Jujol140&#8243; _builder_version=&#8221;3.6&#8243; text_font=&#8221;Lora||||||||&#8221; text_line_height=&#8221;1.8em&#8221; module_alignment=&#8221;center&#8221; custom_margin=&#8221;|||&#8221; animation_style=&#8221;slide&#8221; animation_direction=&#8221;top&#8221; animation_intensity_slide=&#8221;5%&#8221; animation_starting_opacity=&#8221;100%&#8221; header_2_font_size=&#8221;30&#8243; module_id=&#8221;negre&#8221; header_3_font=&#8221;Quattrocento||||||||&#8221; header_4_font=&#8221;Quattrocento||||||||&#8221;]<\/p>\n<h3>Institucions, organismes i empreses adherits a l&#8217;Any Jujol140<\/h3>\n<ul>\n<li>Arxiu Jujol<\/li>\n<li>Casa Bofarull<\/li>\n<li>Can Camprub\u00ed<\/li>\n<li>Gremi de Pagesos de Sant Isidre i Sant Lloren\u00e7 de Tarragona<\/li>\n<li>Universitat Polite\u00e8cnica de Catalunya<\/li>\n<li>Fundaci\u00f3 Trencad\u00eds Modernisme i Cultura<\/li>\n<li>Club Gimn\u00e0stic de Tarragona<\/li>\n<li>Cava Vives Ambr\u00f3s<\/li>\n<\/ul>\n<h4>Personalitats del m\u00f3n de l&#8217;arquitectura i la cultura adherits a l&#8217;Any Jujol140<\/h4>\n<ul>\n<li>Toshiaki Tange, arquitecte, va ser president del Centre d\u2019Estudis Gaudinistes<\/li>\n<li>Elisenda Bonet, arquitecta i directora del 48h Open House BCN<\/li>\n<li>Luis Campo Vidal, escriptor i productor del documental Jujol-Gaudi\u00ed, dos genis de l\u2019arquitectura<\/li>\n<li>Josep Maria Buqueras, director de la Fundaci\u00f3 Trencadi\u0301s Modernisme i Cultura<\/li>\n<li>Josep Maria Jujol Jr, director de l\u2019Arxiu Jujol<\/li>\n<li>Guillem Carab\u00ed, arquitecte doctorat en Jujol<\/li>\n<\/ul>\n<p>&nbsp;<\/p>\n<p>&nbsp;<\/p>\n<p>&nbsp;<\/p>\n<p>[\/et_pb_text][\/et_pb_column][\/et_pb_row][\/et_pb_section]<\/p>\n","protected":false},"excerpt":{"rendered":"<p><div class=\"et_pb_row et_pb_row_0 et_pb_row_empty\">\n\t\t\t\t\n\t\t\t\t\n\t\t\t\t\n\t\t\t\t\n\t\t\t\t\n\t\t\t<\/div> Jujol in\u00a0Catalunya Josep Maria Jujol worked in numerous Catalan towns. The first building designed by Jujol alone was a neighbors house in the neighbourhood of Poble Sec (Barcelona). One year later he began his first assignment in Tarragona, the \u201cTeatre del Patronat Obrer\u201d, now the \u201cTeatre Metropol\u201d. Jujol had an intense production, with a [&hellip;]<\/p>\n","protected":false},"author":1,"featured_media":0,"parent":0,"menu_order":0,"comment_status":"closed","ping_status":"closed","template":"","meta":{"_et_pb_use_builder":"on","_et_pb_old_content":"","_et_gb_content_width":"","footnotes":""},"class_list":["post-662","page","type-page","status-publish","hentry"],"yoast_head":"<!-- This site is optimized with the Yoast SEO plugin v27.2 - https:\/\/yoast.com\/product\/yoast-seo-wordpress\/ -->\n<title>Jujol in Catalunya - Jujol 140<\/title>\n<meta name=\"robots\" content=\"index, follow, max-snippet:-1, max-image-preview:large, max-video-preview:-1\" \/>\n<link rel=\"canonical\" href=\"https:\/\/jujol140.cat\/en\/jujol-in-catalunya\/\" \/>\n<meta property=\"og:locale\" content=\"en_US\" \/>\n<meta property=\"og:type\" content=\"article\" \/>\n<meta property=\"og:title\" content=\"Jujol in Catalunya - Jujol 140\" \/>\n<meta property=\"og:description\" content=\"Jujol in\u00a0Catalunya Josep Maria Jujol worked in numerous Catalan towns. The first building designed by Jujol alone was a neighbors house in the neighbourhood of Poble Sec (Barcelona). One year later he began his first assignment in Tarragona, the \u201cTeatre del Patronat Obrer\u201d, now the \u201cTeatre Metropol\u201d. Jujol had an intense production, with a [&hellip;]\" \/>\n<meta property=\"og:url\" content=\"https:\/\/jujol140.cat\/en\/jujol-in-catalunya\/\" \/>\n<meta property=\"og:site_name\" content=\"Jujol 140\" \/>\n<meta property=\"article:modified_time\" content=\"2018-07-06T11:44:07+00:00\" \/>\n<meta name=\"twitter:card\" content=\"summary_large_image\" \/>\n<meta name=\"twitter:label1\" content=\"Est. reading time\" \/>\n\t<meta name=\"twitter:data1\" content=\"4 minutes\" \/>\n<script type=\"application\/ld+json\" class=\"yoast-schema-graph\">{\"@context\":\"https:\/\/schema.org\",\"@graph\":[{\"@type\":\"WebPage\",\"@id\":\"https:\/\/jujol140.cat\/en\/jujol-in-catalunya\/\",\"url\":\"https:\/\/jujol140.cat\/en\/jujol-in-catalunya\/\",\"name\":\"Jujol in Catalunya - Jujol 140\",\"isPartOf\":{\"@id\":\"https:\/\/jujol140.cat\/#website\"},\"datePublished\":\"2018-06-11T14:13:36+00:00\",\"dateModified\":\"2018-07-06T11:44:07+00:00\",\"breadcrumb\":{\"@id\":\"https:\/\/jujol140.cat\/en\/jujol-in-catalunya\/#breadcrumb\"},\"inLanguage\":\"en-US\",\"potentialAction\":[{\"@type\":\"ReadAction\",\"target\":[\"https:\/\/jujol140.cat\/en\/jujol-in-catalunya\/\"]}]},{\"@type\":\"BreadcrumbList\",\"@id\":\"https:\/\/jujol140.cat\/en\/jujol-in-catalunya\/#breadcrumb\",\"itemListElement\":[{\"@type\":\"ListItem\",\"position\":1,\"name\":\"Portada\",\"item\":\"https:\/\/jujol140.cat\/en\/\"},{\"@type\":\"ListItem\",\"position\":2,\"name\":\"Jujol in Catalunya\"}]},{\"@type\":\"WebSite\",\"@id\":\"https:\/\/jujol140.cat\/#website\",\"url\":\"https:\/\/jujol140.cat\/\",\"name\":\"Jujol 140\",\"description\":\"Moviment art\u00edstic, cultural i social per difondre la figura de Josep Maria Jujol\",\"potentialAction\":[{\"@type\":\"SearchAction\",\"target\":{\"@type\":\"EntryPoint\",\"urlTemplate\":\"https:\/\/jujol140.cat\/?s={search_term_string}\"},\"query-input\":{\"@type\":\"PropertyValueSpecification\",\"valueRequired\":true,\"valueName\":\"search_term_string\"}}],\"inLanguage\":\"en-US\"}]}<\/script>\n<!-- \/ Yoast SEO plugin. -->","yoast_head_json":{"title":"Jujol in Catalunya - Jujol 140","robots":{"index":"index","follow":"follow","max-snippet":"max-snippet:-1","max-image-preview":"max-image-preview:large","max-video-preview":"max-video-preview:-1"},"canonical":"https:\/\/jujol140.cat\/en\/jujol-in-catalunya\/","og_locale":"en_US","og_type":"article","og_title":"Jujol in Catalunya - Jujol 140","og_description":"Jujol in\u00a0Catalunya Josep Maria Jujol worked in numerous Catalan towns. The first building designed by Jujol alone was a neighbors house in the neighbourhood of Poble Sec (Barcelona). One year later he began his first assignment in Tarragona, the \u201cTeatre del Patronat Obrer\u201d, now the \u201cTeatre Metropol\u201d. Jujol had an intense production, with a [&hellip;]","og_url":"https:\/\/jujol140.cat\/en\/jujol-in-catalunya\/","og_site_name":"Jujol 140","article_modified_time":"2018-07-06T11:44:07+00:00","twitter_card":"summary_large_image","twitter_misc":{"Est. reading time":"4 minutes"},"schema":{"@context":"https:\/\/schema.org","@graph":[{"@type":"WebPage","@id":"https:\/\/jujol140.cat\/en\/jujol-in-catalunya\/","url":"https:\/\/jujol140.cat\/en\/jujol-in-catalunya\/","name":"Jujol in Catalunya - Jujol 140","isPartOf":{"@id":"https:\/\/jujol140.cat\/#website"},"datePublished":"2018-06-11T14:13:36+00:00","dateModified":"2018-07-06T11:44:07+00:00","breadcrumb":{"@id":"https:\/\/jujol140.cat\/en\/jujol-in-catalunya\/#breadcrumb"},"inLanguage":"en-US","potentialAction":[{"@type":"ReadAction","target":["https:\/\/jujol140.cat\/en\/jujol-in-catalunya\/"]}]},{"@type":"BreadcrumbList","@id":"https:\/\/jujol140.cat\/en\/jujol-in-catalunya\/#breadcrumb","itemListElement":[{"@type":"ListItem","position":1,"name":"Portada","item":"https:\/\/jujol140.cat\/en\/"},{"@type":"ListItem","position":2,"name":"Jujol in Catalunya"}]},{"@type":"WebSite","@id":"https:\/\/jujol140.cat\/#website","url":"https:\/\/jujol140.cat\/","name":"Jujol 140","description":"Moviment art\u00edstic, cultural i social per difondre la figura de Josep Maria Jujol","potentialAction":[{"@type":"SearchAction","target":{"@type":"EntryPoint","urlTemplate":"https:\/\/jujol140.cat\/?s={search_term_string}"},"query-input":{"@type":"PropertyValueSpecification","valueRequired":true,"valueName":"search_term_string"}}],"inLanguage":"en-US"}]}},"_links":{"self":[{"href":"https:\/\/jujol140.cat\/en\/wp-json\/wp\/v2\/pages\/662","targetHints":{"allow":["GET"]}}],"collection":[{"href":"https:\/\/jujol140.cat\/en\/wp-json\/wp\/v2\/pages"}],"about":[{"href":"https:\/\/jujol140.cat\/en\/wp-json\/wp\/v2\/types\/page"}],"author":[{"embeddable":true,"href":"https:\/\/jujol140.cat\/en\/wp-json\/wp\/v2\/users\/1"}],"replies":[{"embeddable":true,"href":"https:\/\/jujol140.cat\/en\/wp-json\/wp\/v2\/comments?post=662"}],"version-history":[{"count":2,"href":"https:\/\/jujol140.cat\/en\/wp-json\/wp\/v2\/pages\/662\/revisions"}],"predecessor-version":[{"id":664,"href":"https:\/\/jujol140.cat\/en\/wp-json\/wp\/v2\/pages\/662\/revisions\/664"}],"wp:attachment":[{"href":"https:\/\/jujol140.cat\/en\/wp-json\/wp\/v2\/media?parent=662"}],"curies":[{"name":"wp","href":"https:\/\/api.w.org\/{rel}","templated":true}]}}