{"id":645,"date":"2018-06-15T11:25:01","date_gmt":"2018-06-15T11:25:01","guid":{"rendered":"http:\/\/jujol140.cat\/presentacio\/"},"modified":"2018-07-06T11:08:31","modified_gmt":"2018-07-06T11:08:31","slug":"presentation","status":"publish","type":"page","link":"https:\/\/jujol140.cat\/en\/presentation\/","title":{"rendered":"Presentation"},"content":{"rendered":"<p>[et_pb_section bb_built=&#8221;1&#8243; next_background_color=&#8221;#003486&#8243; _builder_version=&#8221;3.6&#8243; background_image=&#8221;http:\/\/jujol140.cat\/wp-content\/uploads\/2018\/06\/cannegre-2.png&#8221; background_position=&#8221;bottom_center&#8221; custom_padding=&#8221;||100px|&#8221; bottom_divider_style=&#8221;wave2&#8243;][et_pb_row _builder_version=&#8221;3.0.48&#8243; background_size=&#8221;initial&#8221; background_position=&#8221;top_left&#8221; background_repeat=&#8221;repeat&#8221;][et_pb_column type=&#8221;4_4&#8243;][et_pb_text _builder_version=&#8221;3.9&#8243; header_font=&#8221;Cinzel||||||||&#8221; header_font_size=&#8221;50&#8243; header_font_size_phone=&#8221;30&#8243; header_font_size_last_edited=&#8221;on|phone&#8221;]<\/p>\n<h1 class=\"et_pb_module_header\">Presentation<\/h1>\n<p>[\/et_pb_text][et_pb_text _builder_version=&#8221;3.9&#8243; text_text_color=&#8221;#000000&#8243; text_font_size=&#8221;16&#8243; text_orientation=&#8221;justified&#8221;]<\/p>\n<p>The Jujol 140 Year is an artistic, cultural and social movement to spread the figure of Jujol, coinciding with the 140 anniversary of the birth of Josep Maria Jujol, a benchmark architect of Catalan modernism and an architect of architectural jewels such as Can Negre or Torre de la Creu, in Sant Joan Desp\u00ed, or the Teatre Metropol in Tarragona.<\/p>\n<blockquote>\n<h3>The Jujol 140 Year is an artistic, cultural and social movement to spread the figure of Jujol.<\/h3>\n<\/blockquote>\n<p>However his creative talent and the extraordinary artistic legacy of Josep Maria Jujol, his figure is not recognized enough. The celebration of the Jujol 140 Year is promoted by the Sant Joan Desp\u00ed town hall, a town that receive one of the most important legacies of Jujol&#8217;s architecture. The event aims to contribute to the difussion of Jujol&#8217;s work and to the international scientific recognition of a unique figure of Modernism.<\/p>\n<p>The Jujol 140 Year starts in June 2018 and will last until September 2019, when the 140 years of the birth of Jujol will be turned. During the Jujol 140 Year, cultural, recreational, commercial, tourist, heritage, promotional, social and civic activities will be organized in Sant Joan Desp\u00ed, city that promotes the event, as well as in other municipalities linked to the figure of Josep Maria Jujol and to his architectural legacy.<\/p>\n<p>[\/et_pb_text][\/et_pb_column][\/et_pb_row][\/et_pb_section][et_pb_section bb_built=&#8221;1&#8243; admin_label=&#8221;Features&#8221; module_id=&#8221;artista-total&#8221; _builder_version=&#8221;3.7&#8243; background_color=&#8221;#003486&#8243; use_background_color_gradient=&#8221;on&#8221; background_color_gradient_start=&#8221;#003486&#8243; background_color_gradient_end=&#8221;rgba(255,255,255,0.07)&#8221; background_size=&#8221;initial&#8221; background_position=&#8221;bottom_left&#8221; top_divider_height=&#8221;150px&#8221; top_divider_flip=&#8221;horizontal&#8221; locked=&#8221;off&#8221; prev_background_color=&#8221;#ffffff&#8221; background_image=&#8221;http:\/\/jujol140.cat\/wp-content\/uploads\/2018\/06\/jujol-signatura-blanca.png&#8221; gutter_width=&#8221;2&#8243;][et_pb_row custom_padding=&#8221;|||&#8221; custom_margin=&#8221;|||&#8221; custom_padding_last_edited=&#8221;off|desktop&#8221; _builder_version=&#8221;3.7&#8243; animation_style=&#8221;fade&#8221; gutter_width=&#8221;2&#8243; disabled=&#8221;on&#8221; disabled_on=&#8221;on|on|on&#8221;][et_pb_column type=&#8221;4_4&#8243;][et_pb_text _builder_version=&#8221;3.9&#8243; header_line_height=&#8221;0em&#8221; header_2_font=&#8221;Quattrocento||||||||&#8221; header_2_text_align=&#8221;center&#8221; header_2_font_size=&#8221;46px&#8221; header_2_line_height=&#8221;1.3em&#8221; background_layout=&#8221;dark&#8221; max_width=&#8221;700px&#8221; module_alignment=&#8221;center&#8221; custom_margin=&#8221;|||&#8221; animation_style=&#8221;slide&#8221; animation_direction=&#8221;top&#8221; animation_intensity_slide=&#8221;5%&#8221; animation_starting_opacity=&#8221;100%&#8221;]<\/p>\n<h2>Biografia<\/h2>\n<p>[\/et_pb_text][et_pb_text _builder_version=&#8221;3.9&#8243; text_font=&#8221;Quattrocento||||||||&#8221; text_font_size=&#8221;20&#8243; text_line_height=&#8221;1.8em&#8221; text_orientation=&#8221;center&#8221; background_layout=&#8221;dark&#8221; module_alignment=&#8221;center&#8221; custom_margin=&#8221;|||&#8221; animation_style=&#8221;slide&#8221; animation_direction=&#8221;top&#8221; animation_intensity_slide=&#8221;5%&#8221; animation_starting_opacity=&#8221;100%&#8221;]<\/p>\n<p><strong>Josep Maria Jujol<\/strong> va n\u00e9ixer a Tarragona el 16 de setembre de 1879. El 1888 es va traslladar a viure a Barcelona amb la seva fam\u00edlia i el 1897 va iniciar els estudis a l&#8217;Escola d&#8217;Arquitectura, que va concloure el 1906. Amb 22 anys va entrar a treballar al taller de l&#8217;arquitecte Antoni Maria Galliss\u00e0 i posteriorment tamb\u00e9 va col\u00b7laborar amb els arquitectes Josep Font i Gum\u00e0 i Antoni Gaud\u00ed. Va ser catedr\u00e0tic de l&#8217;Escola d&#8217;Arquitectura de Barcelona i arquitecte municipal de Sant Joan Desp\u00ed des de 1926. Va morir a Barcelona l&#8217;1 de maig de 1949.<\/p>\n<p>[\/et_pb_text][\/et_pb_column][\/et_pb_row][et_pb_row][et_pb_column type=&#8221;1_3&#8243;][et_pb_text _builder_version=&#8221;3.9&#8243; background_layout=&#8221;dark&#8221; header_2_font_size=&#8221;80&#8243; header_2_font_size_last_edited=&#8221;on|&#8221; disabled=&#8221;off&#8221; disabled_on=&#8221;on||&#8221; header_2_font=&#8221;Cinzel||||||||&#8221;]<\/p>\n<h2>Josep Maria <strong>Jujol<\/strong><\/h2>\n<p>&nbsp;<\/p>\n<p>[\/et_pb_text][\/et_pb_column][et_pb_column type=&#8221;2_3&#8243;][et_pb_image _builder_version=&#8221;3.9&#8243; src=&#8221;http:\/\/jujol140.cat\/wp-content\/uploads\/2018\/06\/JUJOL-retrat.jpg&#8221; show_in_lightbox=&#8221;on&#8221; animation_style=&#8221;zoom&#8221; \/][\/et_pb_column][\/et_pb_row][\/et_pb_section]<\/p>\n","protected":false},"excerpt":{"rendered":"<p>Presentation The Jujol 140 Year is an artistic, cultural and social movement to spread the figure of Jujol, coinciding with the 140 anniversary of the birth of Josep Maria Jujol, a benchmark architect of Catalan modernism and an architect of architectural jewels such as Can Negre or Torre de la Creu, in Sant Joan Desp\u00ed, [&hellip;]<\/p>\n","protected":false},"author":1,"featured_media":0,"parent":0,"menu_order":0,"comment_status":"closed","ping_status":"closed","template":"","meta":{"_et_pb_use_builder":"on","_et_pb_old_content":"","_et_gb_content_width":"","footnotes":""},"class_list":["post-645","page","type-page","status-publish","hentry"],"yoast_head":"<!-- This site is optimized with the Yoast SEO plugin v27.4 - https:\/\/yoast.com\/product\/yoast-seo-wordpress\/ -->\n<title>Presentation - Jujol 140<\/title>\n<meta name=\"robots\" content=\"index, follow, max-snippet:-1, max-image-preview:large, max-video-preview:-1\" \/>\n<link rel=\"canonical\" href=\"https:\/\/jujol140.cat\/en\/presentation\/\" \/>\n<meta property=\"og:locale\" content=\"en_US\" \/>\n<meta property=\"og:type\" content=\"article\" \/>\n<meta property=\"og:title\" content=\"Presentation - Jujol 140\" \/>\n<meta property=\"og:description\" content=\"Presentation The Jujol 140 Year is an artistic, cultural and social movement to spread the figure of Jujol, coinciding with the 140 anniversary of the birth of Josep Maria Jujol, a benchmark architect of Catalan modernism and an architect of architectural jewels such as Can Negre or Torre de la Creu, in Sant Joan Desp\u00ed, [&hellip;]\" \/>\n<meta property=\"og:url\" content=\"https:\/\/jujol140.cat\/en\/presentation\/\" \/>\n<meta property=\"og:site_name\" content=\"Jujol 140\" \/>\n<meta property=\"article:modified_time\" content=\"2018-07-06T11:08:31+00:00\" \/>\n<meta name=\"twitter:card\" content=\"summary_large_image\" \/>\n<meta name=\"twitter:label1\" content=\"Est. reading time\" \/>\n\t<meta name=\"twitter:data1\" content=\"3 minutes\" \/>\n<script type=\"application\/ld+json\" class=\"yoast-schema-graph\">{\"@context\":\"https:\\\/\\\/schema.org\",\"@graph\":[{\"@type\":\"WebPage\",\"@id\":\"https:\\\/\\\/jujol140.cat\\\/en\\\/presentation\\\/\",\"url\":\"https:\\\/\\\/jujol140.cat\\\/en\\\/presentation\\\/\",\"name\":\"Presentation - Jujol 140\",\"isPartOf\":{\"@id\":\"https:\\\/\\\/jujol140.cat\\\/#website\"},\"datePublished\":\"2018-06-15T11:25:01+00:00\",\"dateModified\":\"2018-07-06T11:08:31+00:00\",\"breadcrumb\":{\"@id\":\"https:\\\/\\\/jujol140.cat\\\/en\\\/presentation\\\/#breadcrumb\"},\"inLanguage\":\"en-US\",\"potentialAction\":[{\"@type\":\"ReadAction\",\"target\":[\"https:\\\/\\\/jujol140.cat\\\/en\\\/presentation\\\/\"]}]},{\"@type\":\"BreadcrumbList\",\"@id\":\"https:\\\/\\\/jujol140.cat\\\/en\\\/presentation\\\/#breadcrumb\",\"itemListElement\":[{\"@type\":\"ListItem\",\"position\":1,\"name\":\"Portada\",\"item\":\"https:\\\/\\\/jujol140.cat\\\/en\\\/\"},{\"@type\":\"ListItem\",\"position\":2,\"name\":\"Presentation\"}]},{\"@type\":\"WebSite\",\"@id\":\"https:\\\/\\\/jujol140.cat\\\/#website\",\"url\":\"https:\\\/\\\/jujol140.cat\\\/\",\"name\":\"Jujol 140\",\"description\":\"Moviment art\u00edstic, cultural i social per difondre la figura de Josep Maria Jujol\",\"potentialAction\":[{\"@type\":\"SearchAction\",\"target\":{\"@type\":\"EntryPoint\",\"urlTemplate\":\"https:\\\/\\\/jujol140.cat\\\/?s={search_term_string}\"},\"query-input\":{\"@type\":\"PropertyValueSpecification\",\"valueRequired\":true,\"valueName\":\"search_term_string\"}}],\"inLanguage\":\"en-US\"}]}<\/script>\n<!-- \/ Yoast SEO plugin. -->","yoast_head_json":{"title":"Presentation - Jujol 140","robots":{"index":"index","follow":"follow","max-snippet":"max-snippet:-1","max-image-preview":"max-image-preview:large","max-video-preview":"max-video-preview:-1"},"canonical":"https:\/\/jujol140.cat\/en\/presentation\/","og_locale":"en_US","og_type":"article","og_title":"Presentation - Jujol 140","og_description":"Presentation The Jujol 140 Year is an artistic, cultural and social movement to spread the figure of Jujol, coinciding with the 140 anniversary of the birth of Josep Maria Jujol, a benchmark architect of Catalan modernism and an architect of architectural jewels such as Can Negre or Torre de la Creu, in Sant Joan Desp\u00ed, [&hellip;]","og_url":"https:\/\/jujol140.cat\/en\/presentation\/","og_site_name":"Jujol 140","article_modified_time":"2018-07-06T11:08:31+00:00","twitter_card":"summary_large_image","twitter_misc":{"Est. reading time":"3 minutes"},"schema":{"@context":"https:\/\/schema.org","@graph":[{"@type":"WebPage","@id":"https:\/\/jujol140.cat\/en\/presentation\/","url":"https:\/\/jujol140.cat\/en\/presentation\/","name":"Presentation - Jujol 140","isPartOf":{"@id":"https:\/\/jujol140.cat\/#website"},"datePublished":"2018-06-15T11:25:01+00:00","dateModified":"2018-07-06T11:08:31+00:00","breadcrumb":{"@id":"https:\/\/jujol140.cat\/en\/presentation\/#breadcrumb"},"inLanguage":"en-US","potentialAction":[{"@type":"ReadAction","target":["https:\/\/jujol140.cat\/en\/presentation\/"]}]},{"@type":"BreadcrumbList","@id":"https:\/\/jujol140.cat\/en\/presentation\/#breadcrumb","itemListElement":[{"@type":"ListItem","position":1,"name":"Portada","item":"https:\/\/jujol140.cat\/en\/"},{"@type":"ListItem","position":2,"name":"Presentation"}]},{"@type":"WebSite","@id":"https:\/\/jujol140.cat\/#website","url":"https:\/\/jujol140.cat\/","name":"Jujol 140","description":"Moviment art\u00edstic, cultural i social per difondre la figura de Josep Maria Jujol","potentialAction":[{"@type":"SearchAction","target":{"@type":"EntryPoint","urlTemplate":"https:\/\/jujol140.cat\/?s={search_term_string}"},"query-input":{"@type":"PropertyValueSpecification","valueRequired":true,"valueName":"search_term_string"}}],"inLanguage":"en-US"}]}},"_links":{"self":[{"href":"https:\/\/jujol140.cat\/en\/wp-json\/wp\/v2\/pages\/645","targetHints":{"allow":["GET"]}}],"collection":[{"href":"https:\/\/jujol140.cat\/en\/wp-json\/wp\/v2\/pages"}],"about":[{"href":"https:\/\/jujol140.cat\/en\/wp-json\/wp\/v2\/types\/page"}],"author":[{"embeddable":true,"href":"https:\/\/jujol140.cat\/en\/wp-json\/wp\/v2\/users\/1"}],"replies":[{"embeddable":true,"href":"https:\/\/jujol140.cat\/en\/wp-json\/wp\/v2\/comments?post=645"}],"version-history":[{"count":4,"href":"https:\/\/jujol140.cat\/en\/wp-json\/wp\/v2\/pages\/645\/revisions"}],"predecessor-version":[{"id":650,"href":"https:\/\/jujol140.cat\/en\/wp-json\/wp\/v2\/pages\/645\/revisions\/650"}],"wp:attachment":[{"href":"https:\/\/jujol140.cat\/en\/wp-json\/wp\/v2\/media?parent=645"}],"curies":[{"name":"wp","href":"https:\/\/api.w.org\/{rel}","templated":true}]}}