{"id":637,"date":"2018-06-08T11:12:59","date_gmt":"2018-06-08T11:12:59","guid":{"rendered":"http:\/\/jujol140.cat\/biografia\/"},"modified":"2018-07-06T11:52:41","modified_gmt":"2018-07-06T11:52:41","slug":"biography","status":"publish","type":"page","link":"https:\/\/jujol140.cat\/en\/biography\/","title":{"rendered":"Biography"},"content":{"rendered":"<p>[et_pb_section bb_built=&#8221;1&#8243; specialty=&#8221;off&#8221; next_background_color=&#8221;#003486&#8243; _builder_version=&#8221;3.7&#8243; background_image=&#8221;http:\/\/jujol140.cat\/wp-content\/uploads\/2018\/06\/cannegre-2.png&#8221; gutter_width=&#8221;2&#8243; bottom_divider_style=&#8221;wave2&#8243; custom_padding=&#8221;||100px|&#8221; background_position=&#8221;bottom_center&#8221; disabled=&#8221;off&#8221; disabled_on=&#8221;off|off|off&#8221;][et_pb_row custom_padding=&#8221;|||&#8221; custom_margin=&#8221;|||&#8221; custom_padding_last_edited=&#8221;off|desktop&#8221; _builder_version=&#8221;3.5.1&#8243; animation_style=&#8221;fade&#8221;][et_pb_column type=&#8221;4_4&#8243;][et_pb_text _builder_version=&#8221;3.9&#8243; header_line_height=&#8221;0em&#8221; header_2_font=&#8221;Quattrocento||||||||&#8221; header_2_text_align=&#8221;center&#8221; header_2_font_size=&#8221;46px&#8221; header_2_line_height=&#8221;1.3em&#8221; max_width=&#8221;700px&#8221; module_alignment=&#8221;center&#8221; custom_margin=&#8221;|||&#8221; animation_style=&#8221;slide&#8221; animation_direction=&#8221;top&#8221; animation_intensity_slide=&#8221;5%&#8221; animation_starting_opacity=&#8221;100%&#8221;]<\/p>\n<h2>Biography<\/h2>\n<p>[\/et_pb_text][et_pb_text _builder_version=&#8221;3.9&#8243; text_font=&#8221;Quattrocento||||||||&#8221; text_font_size=&#8221;20&#8243; text_line_height=&#8221;1.8em&#8221; text_orientation=&#8221;center&#8221; module_alignment=&#8221;center&#8221; custom_margin=&#8221;|||&#8221; animation_style=&#8221;slide&#8221; animation_direction=&#8221;top&#8221; animation_intensity_slide=&#8221;5%&#8221; animation_starting_opacity=&#8221;100%&#8221;]<\/p>\n<p>Josep Maria Jujol was born in Tarragona on September 16th, 1879. In 1888 he moved to Barcelona with his family and in 1897 he began his studies at the School of Architecture, which he concluded in 1906. With 22 Years old, he entered the studio of architect Antoni Maria Galliss\u00e0 and later collaborated with architects Josep Font i Gum\u00e0 and Antoni Gaud\u00ed. He was a professor at the School of Architecture of Barcelona and municipal architect of Sant Joan Desp\u00ed since 1926. He died in Barcelona on May 1, 1949.<\/p>\n<p>[\/et_pb_text][et_pb_divider color=&#8221;#ffffff&#8221; divider_weight=&#8221;4px&#8221; height=&#8221;4px&#8221; _builder_version=&#8221;3.9&#8243; max_width=&#8221;60px&#8221; max_width_tablet=&#8221;14%&#8221; max_width_last_edited=&#8221;off|desktop&#8221; module_alignment=&#8221;center&#8221; animation_style=&#8221;slide&#8221; animation_direction=&#8221;top&#8221; animation_intensity_slide=&#8221;5%&#8221; animation_starting_opacity=&#8221;100%&#8221; \/][et_pb_text _builder_version=&#8221;3.9&#8243; text_font=&#8221;Lora||||||||&#8221; header_2_font=&#8221;Quattrocento||||||||&#8221; header_2_font_size=&#8221;30&#8243; header_2_font_size_phone=&#8221;25&#8243; header_2_font_size_last_edited=&#8221;on|desktop&#8221; text_orientation=&#8221;center&#8221;]<\/p>\n<p>Josep Maria Jujol&#8217;s work is characterized for its plurality of records. He built all kinds of architectural typologies and worked in numerous Catalan towns. He is considered a total artist as he projects and details the finishings, he is a sculptor, a cartoonist and a watercolorist. Thus, besides an architect, he was also a decorator, designer of furniture, bottles, ceramic pavements, religious images, sepulchral tombstones, banners, painter and sculptor.<\/p>\n<p>The architectural work of Jujol is characterized for the simplicity of its media contrasted with its originality. He was an architect closely linked to the forms of nature and the landscape of the territory where he performed his works. The quality of his work becomes out of all conventionalism.<\/p>\n<p>Jujol made numerous solo works (Can Negre, Torre de la Creu, Teatre Metropol, Casa Bofarull, Casa Camprub\u00ed &#8230;) and, at the same time, his influence is very present in his collaborations with architects of the era, in Gaud\u00ed buildings such as La Pedrera, Park G\u00fcell, Casa Batll\u00f3, Sagrada Fam\u00edlia or Col\u00f2nia G\u00fcell.<\/p>\n<p>&nbsp;<\/p>\n<p>[\/et_pb_text][\/et_pb_column][\/et_pb_row][\/et_pb_section][et_pb_section bb_built=&#8221;1&#8243; admin_label=&#8221;Features&#8221; module_id=&#8221;artista-total&#8221; _builder_version=&#8221;3.7&#8243; background_color=&#8221;#003486&#8243; use_background_color_gradient=&#8221;on&#8221; background_color_gradient_start=&#8221;#003486&#8243; background_color_gradient_end=&#8221;rgba(255,255,255,0.07)&#8221; background_size=&#8221;initial&#8221; background_position=&#8221;bottom_left&#8221; background_repeat=&#8221;repeat-x&#8221; background_blend=&#8221;overlay&#8221; top_divider_height=&#8221;150px&#8221; top_divider_flip=&#8221;horizontal&#8221; locked=&#8221;off&#8221; prev_background_color=&#8221;#ffffff&#8221; gutter_width=&#8221;2&#8243; disabled=&#8221;on&#8221; disabled_on=&#8221;on|on|on&#8221;][et_pb_row _builder_version=&#8221;3.0.47&#8243; background_size=&#8221;initial&#8221; background_position=&#8221;top_left&#8221; background_repeat=&#8221;repeat&#8221;][et_pb_column type=&#8221;4_4&#8243;][\/et_pb_column][\/et_pb_row][\/et_pb_section]<\/p>\n","protected":false},"excerpt":{"rendered":"<p>Biography Josep Maria Jujol was born in Tarragona on September 16th, 1879. In 1888 he moved to Barcelona with his family and in 1897 he began his studies at the School of Architecture, which he concluded in 1906. With 22 Years old, he entered the studio of architect Antoni Maria Galliss\u00e0 and later collaborated with [&hellip;]<\/p>\n","protected":false},"author":1,"featured_media":0,"parent":0,"menu_order":0,"comment_status":"closed","ping_status":"closed","template":"","meta":{"_et_pb_use_builder":"on","_et_pb_old_content":"","_et_gb_content_width":"","footnotes":""},"class_list":["post-637","page","type-page","status-publish","hentry"],"yoast_head":"<!-- This site is optimized with the Yoast SEO plugin v27.4 - https:\/\/yoast.com\/product\/yoast-seo-wordpress\/ -->\n<title>Biography - Jujol 140<\/title>\n<meta name=\"robots\" content=\"index, follow, max-snippet:-1, max-image-preview:large, max-video-preview:-1\" \/>\n<link rel=\"canonical\" href=\"https:\/\/jujol140.cat\/en\/biography\/\" \/>\n<meta property=\"og:locale\" content=\"en_US\" \/>\n<meta property=\"og:type\" content=\"article\" \/>\n<meta property=\"og:title\" content=\"Biography - Jujol 140\" \/>\n<meta property=\"og:description\" content=\"Biography Josep Maria Jujol was born in Tarragona on September 16th, 1879. In 1888 he moved to Barcelona with his family and in 1897 he began his studies at the School of Architecture, which he concluded in 1906. With 22 Years old, he entered the studio of architect Antoni Maria Galliss\u00e0 and later collaborated with [&hellip;]\" \/>\n<meta property=\"og:url\" content=\"https:\/\/jujol140.cat\/en\/biography\/\" \/>\n<meta property=\"og:site_name\" content=\"Jujol 140\" \/>\n<meta property=\"article:modified_time\" content=\"2018-07-06T11:52:41+00:00\" \/>\n<meta name=\"twitter:card\" content=\"summary_large_image\" \/>\n<meta name=\"twitter:label1\" content=\"Est. reading time\" \/>\n\t<meta name=\"twitter:data1\" content=\"3 minutes\" \/>\n<script type=\"application\/ld+json\" class=\"yoast-schema-graph\">{\"@context\":\"https:\\\/\\\/schema.org\",\"@graph\":[{\"@type\":\"WebPage\",\"@id\":\"https:\\\/\\\/jujol140.cat\\\/en\\\/biography\\\/\",\"url\":\"https:\\\/\\\/jujol140.cat\\\/en\\\/biography\\\/\",\"name\":\"Biography - Jujol 140\",\"isPartOf\":{\"@id\":\"https:\\\/\\\/jujol140.cat\\\/#website\"},\"datePublished\":\"2018-06-08T11:12:59+00:00\",\"dateModified\":\"2018-07-06T11:52:41+00:00\",\"breadcrumb\":{\"@id\":\"https:\\\/\\\/jujol140.cat\\\/en\\\/biography\\\/#breadcrumb\"},\"inLanguage\":\"en-US\",\"potentialAction\":[{\"@type\":\"ReadAction\",\"target\":[\"https:\\\/\\\/jujol140.cat\\\/en\\\/biography\\\/\"]}]},{\"@type\":\"BreadcrumbList\",\"@id\":\"https:\\\/\\\/jujol140.cat\\\/en\\\/biography\\\/#breadcrumb\",\"itemListElement\":[{\"@type\":\"ListItem\",\"position\":1,\"name\":\"Portada\",\"item\":\"https:\\\/\\\/jujol140.cat\\\/en\\\/\"},{\"@type\":\"ListItem\",\"position\":2,\"name\":\"Biography\"}]},{\"@type\":\"WebSite\",\"@id\":\"https:\\\/\\\/jujol140.cat\\\/#website\",\"url\":\"https:\\\/\\\/jujol140.cat\\\/\",\"name\":\"Jujol 140\",\"description\":\"Moviment art\u00edstic, cultural i social per difondre la figura de Josep Maria Jujol\",\"potentialAction\":[{\"@type\":\"SearchAction\",\"target\":{\"@type\":\"EntryPoint\",\"urlTemplate\":\"https:\\\/\\\/jujol140.cat\\\/?s={search_term_string}\"},\"query-input\":{\"@type\":\"PropertyValueSpecification\",\"valueRequired\":true,\"valueName\":\"search_term_string\"}}],\"inLanguage\":\"en-US\"}]}<\/script>\n<!-- \/ Yoast SEO plugin. -->","yoast_head_json":{"title":"Biography - Jujol 140","robots":{"index":"index","follow":"follow","max-snippet":"max-snippet:-1","max-image-preview":"max-image-preview:large","max-video-preview":"max-video-preview:-1"},"canonical":"https:\/\/jujol140.cat\/en\/biography\/","og_locale":"en_US","og_type":"article","og_title":"Biography - Jujol 140","og_description":"Biography Josep Maria Jujol was born in Tarragona on September 16th, 1879. In 1888 he moved to Barcelona with his family and in 1897 he began his studies at the School of Architecture, which he concluded in 1906. With 22 Years old, he entered the studio of architect Antoni Maria Galliss\u00e0 and later collaborated with [&hellip;]","og_url":"https:\/\/jujol140.cat\/en\/biography\/","og_site_name":"Jujol 140","article_modified_time":"2018-07-06T11:52:41+00:00","twitter_card":"summary_large_image","twitter_misc":{"Est. reading time":"3 minutes"},"schema":{"@context":"https:\/\/schema.org","@graph":[{"@type":"WebPage","@id":"https:\/\/jujol140.cat\/en\/biography\/","url":"https:\/\/jujol140.cat\/en\/biography\/","name":"Biography - Jujol 140","isPartOf":{"@id":"https:\/\/jujol140.cat\/#website"},"datePublished":"2018-06-08T11:12:59+00:00","dateModified":"2018-07-06T11:52:41+00:00","breadcrumb":{"@id":"https:\/\/jujol140.cat\/en\/biography\/#breadcrumb"},"inLanguage":"en-US","potentialAction":[{"@type":"ReadAction","target":["https:\/\/jujol140.cat\/en\/biography\/"]}]},{"@type":"BreadcrumbList","@id":"https:\/\/jujol140.cat\/en\/biography\/#breadcrumb","itemListElement":[{"@type":"ListItem","position":1,"name":"Portada","item":"https:\/\/jujol140.cat\/en\/"},{"@type":"ListItem","position":2,"name":"Biography"}]},{"@type":"WebSite","@id":"https:\/\/jujol140.cat\/#website","url":"https:\/\/jujol140.cat\/","name":"Jujol 140","description":"Moviment art\u00edstic, cultural i social per difondre la figura de Josep Maria Jujol","potentialAction":[{"@type":"SearchAction","target":{"@type":"EntryPoint","urlTemplate":"https:\/\/jujol140.cat\/?s={search_term_string}"},"query-input":{"@type":"PropertyValueSpecification","valueRequired":true,"valueName":"search_term_string"}}],"inLanguage":"en-US"}]}},"_links":{"self":[{"href":"https:\/\/jujol140.cat\/en\/wp-json\/wp\/v2\/pages\/637","targetHints":{"allow":["GET"]}}],"collection":[{"href":"https:\/\/jujol140.cat\/en\/wp-json\/wp\/v2\/pages"}],"about":[{"href":"https:\/\/jujol140.cat\/en\/wp-json\/wp\/v2\/types\/page"}],"author":[{"embeddable":true,"href":"https:\/\/jujol140.cat\/en\/wp-json\/wp\/v2\/users\/1"}],"replies":[{"embeddable":true,"href":"https:\/\/jujol140.cat\/en\/wp-json\/wp\/v2\/comments?post=637"}],"version-history":[{"count":3,"href":"https:\/\/jujol140.cat\/en\/wp-json\/wp\/v2\/pages\/637\/revisions"}],"predecessor-version":[{"id":666,"href":"https:\/\/jujol140.cat\/en\/wp-json\/wp\/v2\/pages\/637\/revisions\/666"}],"wp:attachment":[{"href":"https:\/\/jujol140.cat\/en\/wp-json\/wp\/v2\/media?parent=637"}],"curies":[{"name":"wp","href":"https:\/\/api.w.org\/{rel}","templated":true}]}}